{"id":7577,"date":"2020-08-05T10:42:45","date_gmt":"2020-08-05T13:42:45","guid":{"rendered":"https:\/\/www.chandlerorchards.com\/?page_id=7577"},"modified":"2024-11-28T20:38:08","modified_gmt":"2024-11-28T23:38:08","slug":"rindes-estimados-2011","status":"publish","type":"page","link":"https:\/\/chandlerorchards.com\/es\/rindes-estimados-2011\/","title":{"rendered":"Rindes estimados 2011"},"content":{"rendered":"\t\t<div data-elementor-type=\"wp-post\" data-elementor-id=\"7577\" class=\"elementor elementor-7577 elementor-7797\" data-elementor-post-type=\"page\">\n\t\t\t\t\t\t<header class=\"elementor-section elementor-top-section elementor-element elementor-element-46d4e35 elementor-section-stretched elementor-section-full_width elementor-section-height-default elementor-section-height-default\" data-id=\"46d4e35\" data-element_type=\"section\" data-e-type=\"section\" data-settings=\"{&quot;background_background&quot;:&quot;classic&quot;,&quot;shape_divider_bottom&quot;:&quot;curve-asymmetrical&quot;,&quot;shape_divider_bottom_negative&quot;:&quot;yes&quot;,&quot;stretch_section&quot;:&quot;section-stretched&quot;}\">\n\t\t\t\t\t\t\t<div class=\"elementor-background-overlay\"><\/div>\n\t\t\t\t\t\t<div class=\"elementor-shape elementor-shape-bottom\" aria-hidden=\"true\" data-negative=\"true\">\n\t\t\t<svg xmlns=\"http:\/\/www.w3.org\/2000\/svg\" viewBox=\"0 0 1000 100\" preserveAspectRatio=\"none\">\n\t<path class=\"elementor-shape-fill\" d=\"M615.2,96.7C240.2,97.8,0,18.9,0,0v100h1000V0C1000,19.2,989.8,96,615.2,96.7z\"\/>\n<\/svg>\t\t<\/div>\n\t\t\t\t\t<div class=\"elementor-container elementor-column-gap-default\">\n\t\t\t\t\t<header class=\"elementor-column elementor-col-100 elementor-top-column elementor-element elementor-element-e7500ed\" data-id=\"e7500ed\" data-element_type=\"column\" data-e-type=\"column\">\n\t\t\t<div class=\"elementor-widget-wrap elementor-element-populated\">\n\t\t\t\t\t\t<div class=\"elementor-element elementor-element-45e06c6 elementor-widget elementor-widget-heading\" data-id=\"45e06c6\" data-element_type=\"widget\" data-e-type=\"widget\" data-widget_type=\"heading.default\">\n\t\t\t\t<div class=\"elementor-widget-container\">\n\t\t\t\t\t<h1 class=\"elementor-heading-title elementor-size-default\">Rindes estimados<\/h1>\t\t\t\t<\/div>\n\t\t\t\t<\/div>\n\t\t\t\t<div class=\"elementor-element elementor-element-dc0c404 elementor-widget elementor-widget-heading\" data-id=\"dc0c404\" data-element_type=\"widget\" data-e-type=\"widget\" data-widget_type=\"heading.default\">\n\t\t\t\t<div class=\"elementor-widget-container\">\n\t\t\t\t\t<h4 class=\"elementor-heading-title elementor-size-default\">Evoluci\u00f3n de un cultivo de nogales en condiciones neutrales<\/h4>\t\t\t\t<\/div>\n\t\t\t\t<\/div>\n\t\t\t\t\t<\/div>\n\t\t<\/header>\n\t\t\t\t\t<\/div>\n\t\t<\/header>\n\t\t\t\t<article class=\"elementor-section elementor-top-section elementor-element elementor-element-db96d3b elementor-section-stretched elementor-section-boxed elementor-section-height-default elementor-section-height-default\" data-id=\"db96d3b\" data-element_type=\"section\" data-e-type=\"section\" data-settings=\"{&quot;stretch_section&quot;:&quot;section-stretched&quot;,&quot;background_background&quot;:&quot;classic&quot;,&quot;shape_divider_bottom&quot;:&quot;curve&quot;,&quot;shape_divider_bottom_negative&quot;:&quot;yes&quot;}\">\n\t\t\t\t\t<div class=\"elementor-shape elementor-shape-bottom\" aria-hidden=\"true\" data-negative=\"true\">\n\t\t\t<svg xmlns=\"http:\/\/www.w3.org\/2000\/svg\" viewBox=\"0 0 1000 100\" preserveAspectRatio=\"none\">\n\t<path class=\"elementor-shape-fill\" d=\"M500,97C126.7,96.3,0.8,19.8,0,0v100l1000,0V1C1000,19.4,873.3,97.8,500,97z\"\/>\n<\/svg>\t\t<\/div>\n\t\t\t\t\t<div class=\"elementor-container elementor-column-gap-default\">\n\t\t\t\t\t<div class=\"elementor-column elementor-col-100 elementor-top-column elementor-element elementor-element-7e11e27\" data-id=\"7e11e27\" data-element_type=\"column\" data-e-type=\"column\">\n\t\t\t<div class=\"elementor-widget-wrap elementor-element-populated\">\n\t\t\t\t\t\t<div class=\"elementor-element elementor-element-99fec52 elementor-widget elementor-widget-heading\" data-id=\"99fec52\" data-element_type=\"widget\" data-e-type=\"widget\" data-widget_type=\"heading.default\">\n\t\t\t\t<div class=\"elementor-widget-container\">\n\t\t\t\t\t<h2 class=\"elementor-heading-title elementor-size-default\">Rinde estimado de nogales implantados en 2011<\/h2>\t\t\t\t<\/div>\n\t\t\t\t<\/div>\n\t\t\t\t<div class=\"elementor-element elementor-element-813a2a3 elementor-widget-divider--view-line elementor-widget elementor-widget-divider\" data-id=\"813a2a3\" data-element_type=\"widget\" data-e-type=\"widget\" data-widget_type=\"divider.default\">\n\t\t\t\t<div class=\"elementor-widget-container\">\n\t\t\t\t\t\t\t<div class=\"elementor-divider\">\n\t\t\t<span class=\"elementor-divider-separator\">\n\t\t\t\t\t\t<\/span>\n\t\t<\/div>\n\t\t\t\t\t\t<\/div>\n\t\t\t\t<\/div>\n\t\t\t\t<div class=\"elementor-element elementor-element-6e9bcf3 elementor-widget elementor-widget-text-editor\" data-id=\"6e9bcf3\" data-element_type=\"widget\" data-e-type=\"widget\" data-widget_type=\"text-editor.default\">\n\t\t\t\t<div class=\"elementor-widget-container\">\n\t\t\t\t\t\t\t\t\t<p style=\"text-align: center;\"><strong>El nogal es una especie lenta para llegar a su m\u00e1xima producci\u00f3n, p<\/strong><strong>or eso Chandler Orchards pone a disposici\u00f3n hect\u00e1reas implantadas en el a\u00f1o 2011 y en producci\u00f3n para inversores.<\/strong><\/p>\t\t\t\t\t\t\t\t<\/div>\n\t\t\t\t<\/div>\n\t\t\t\t<div class=\"elementor-element elementor-element-894e763 elementor-widget elementor-widget-text-editor\" data-id=\"894e763\" data-element_type=\"widget\" data-e-type=\"widget\" data-widget_type=\"text-editor.default\">\n\t\t\t\t<div class=\"elementor-widget-container\">\n\t\t\t\t\t\t\t\t\t<p><span style=\"font-weight: 400;\">Luego de 2028 los rindes deber\u00edan estabilizarse en el orden de los <strong>5000kg\/ha por a\u00f1o<\/strong><\/span>. Aunque esta evoluci\u00f3n podr\u00eda considerarse conservadora con respecto a los rendimientos que se proyectan, es importante tener en cuenta que los rendimientos en cualquier a\u00f1o en particular dependen del clima y de una serie de otros factores.<\/p>\t\t\t\t\t\t\t\t<\/div>\n\t\t\t\t<\/div>\n\t\t\t\t\t<\/div>\n\t\t<\/div>\n\t\t\t\t\t<\/div>\n\t\t<\/article>\n\t\t\t\t<section class=\"elementor-section elementor-top-section elementor-element elementor-element-4f6d729 elementor-section-stretched elementor-section-boxed elementor-section-height-default elementor-section-height-default\" data-id=\"4f6d729\" data-element_type=\"section\" data-e-type=\"section\" data-settings=\"{&quot;stretch_section&quot;:&quot;section-stretched&quot;}\">\n\t\t\t\t\t\t<div class=\"elementor-container elementor-column-gap-default\">\n\t\t\t\t\t<div class=\"elementor-column elementor-col-100 elementor-top-column elementor-element elementor-element-8593723\" data-id=\"8593723\" data-element_type=\"column\" data-e-type=\"column\">\n\t\t\t<div class=\"elementor-widget-wrap elementor-element-populated\">\n\t\t\t\t\t\t<div class=\"elementor-element elementor-element-5fa531e elementor-widget elementor-widget-icon-box\" data-id=\"5fa531e\" data-element_type=\"widget\" data-e-type=\"widget\" data-widget_type=\"icon-box.default\">\n\t\t\t\t<div class=\"elementor-widget-container\">\n\t\t\t\t\t\t\t<div class=\"elementor-icon-box-wrapper\">\n\n\t\t\t\n\t\t\t\t\t\t<div class=\"elementor-icon-box-content\">\n\n\t\t\t\t\t\t\t\t\t<h2 class=\"elementor-icon-box-title\">\n\t\t\t\t\t\t<span  >\n\t\t\t\t\t\t\tProyecciones\t\t\t\t\t\t<\/span>\n\t\t\t\t\t<\/h2>\n\t\t\t\t\n\t\t\t\t\n\t\t\t<\/div>\n\t\t\t\n\t\t<\/div>\n\t\t\t\t\t\t<\/div>\n\t\t\t\t<\/div>\n\t\t\t\t<div class=\"elementor-element elementor-element-4517020 elementor-widget-divider--view-line elementor-widget elementor-widget-divider\" data-id=\"4517020\" data-element_type=\"widget\" data-e-type=\"widget\" data-widget_type=\"divider.default\">\n\t\t\t\t<div class=\"elementor-widget-container\">\n\t\t\t\t\t\t\t<div class=\"elementor-divider\">\n\t\t\t<span class=\"elementor-divider-separator\">\n\t\t\t\t\t\t<\/span>\n\t\t<\/div>\n\t\t\t\t\t\t<\/div>\n\t\t\t\t<\/div>\n\t\t\t\t<div class=\"elementor-element elementor-element-a2bcfb4 elementor-widget elementor-widget-shortcode\" data-id=\"a2bcfb4\" data-element_type=\"widget\" data-e-type=\"widget\" data-widget_type=\"shortcode.default\">\n\t\t\t\t<div class=\"elementor-widget-container\">\n\t\t\t\t\t\t\t<div class=\"elementor-shortcode\">\n    <style>\n        .custom-table {\n            width: 100%;\n            border-collapse: collapse;\n            font-family: Arial, sans-serif;\n        }\n        .custom-table th, .custom-table td {\n            border: 1px solid #000000;\n            padding: 8px;\n            text-align: center;\n        }\n        .custom-table th {\n            background-color: #e2cea1;\n            color: black; \/* Letra de color negro *\/\n            font-weight: bold;\n        }\n        .custom-table .header {\n            font-weight: bold;\n            text-align: center; \/* Centra el texto de \"Estimaci\u00f3n(kg\/ha)\" *\/\n        }\n        .custom-table td {\n            text-align: center; \/* Centra los datos *\/\n        }\n        .custom-table tr:nth-child(even) {\n            background-color: #f9f9f9;\n        }\n        .disclaimer-text {\n            font-size: 8px;\n            color: #666;\n            margin-top: 15px;\n            line-height: 2.0;\n        }\n    <\/style>\n    <table class=\"custom-table\">\n        <thead>\n            <tr>\n                <th><strong>A\u00f1o<\/strong><\/th>\n                <th><strong>2025<\/strong><\/th>\n                <th><strong>2026<\/strong><\/th>\n                <th><strong>2027<\/strong><\/th>\n                <th><strong>2028<\/strong><\/th>\n                <th><strong>2029<\/strong><\/th>\n                <th><strong>2030+<\/strong><\/th>\n            <\/tr>\n        <\/thead>\n        <tbody>\n            <tr>\n                <td class=\"header\">Estimaci\u00f3n(kg\/ha)<\/td>\n                <td>2000<\/td>\n                <td>3000<\/td>\n                <td>4000<\/td>\n                <td>5000<\/td>\n                <td>5000<\/td>\n                <td>5000<\/td>\n            <\/tr>\n        <\/tbody>\n    <\/table>\n    <p class=\"disclaimer-text\">\n        Nuestro an\u00e1lisis incluye predicciones, estimaciones y otra informaci\u00f3n que debe considerarse prospectiva. Si bien estas declaraciones prospectivas representan nuestro juicio actual sobre lo que depara el futuro, est\u00e1n sujetas a riesgos e incertidumbres que podr\u00edan causar que los resultados reales difieran significativamente. Se le advierte que no deposite una confianza indebida en estas declaraciones prospectivas, que reflejan nuestras opiniones \u00fanicamente a partir de la fecha de esta presentaci\u00f3n. Tenga en cuenta que no nos obligamos a revisar ni a publicar p\u00fablicamente los resultados de ninguna revisi\u00f3n de estas declaraciones prospectivas a la luz de nueva informaci\u00f3n o eventos futuros. Hemos intentado presentar algunos factores de riesgo relacionados con nuestro negocio que pueden afectar nuestras predicciones. Tambi\u00e9n debe revisar nuestro sitio web en <a href=\"https:\/\/ChandlerOrchards.com\/risks\/\" target=\"_blank\">ChandlerOrchards.com\/risks<\/a> para obtener una explicaci\u00f3n m\u00e1s completa de estos y otros riesgos.\n    <\/p>\n\n\n\n<\/div>\n\t\t\t\t\t\t<\/div>\n\t\t\t\t<\/div>\n\t\t\t\t\t<\/div>\n\t\t<\/div>\n\t\t\t\t\t<\/div>\n\t\t<\/section>\n\t\t\t\t<\/div>\n\t\t","protected":false},"excerpt":{"rendered":"<p>Rindes estimados Evoluci\u00f3n de un cultivo de nogales en condiciones neutrales Rinde estimado de nogales implantados en 2011 El nogal es una especie lenta para llegar a su m\u00e1xima producci\u00f3n, por eso Chandler Orchards pone a disposici\u00f3n hect\u00e1reas implantadas en el a\u00f1o 2011 y en producci\u00f3n para inversores. Luego de 2028 los rindes deber\u00edan estabilizarse [&hellip;]<\/p>\n","protected":false},"author":13,"featured_media":0,"parent":0,"menu_order":0,"comment_status":"closed","ping_status":"closed","template":"elementor_header_footer","meta":{"site-sidebar-layout":"default","site-content-layout":"default","ast-site-content-layout":"default","site-content-style":"default","site-sidebar-style":"default","ast-global-header-display":"","ast-banner-title-visibility":"","ast-main-header-display":"","ast-hfb-above-header-display":"","ast-hfb-below-header-display":"","ast-hfb-mobile-header-display":"","site-post-title":"disabled","ast-breadcrumbs-content":"","ast-featured-img":"disabled","footer-sml-layout":"","ast-disable-related-posts":"","theme-transparent-header-meta":"default","adv-header-id-meta":"","stick-header-meta":"default","header-above-stick-meta":"","header-main-stick-meta":"","header-below-stick-meta":"","astra-migrate-meta-layouts":"default","ast-page-background-enabled":"default","ast-page-background-meta":{"desktop":{"background-color":"","background-image":"","background-repeat":"repeat","background-position":"center center","background-size":"auto","background-attachment":"scroll","background-type":"","background-media":"","overlay-type":"","overlay-color":"","overlay-opacity":"","overlay-gradient":""},"tablet":{"background-color":"","background-image":"","background-repeat":"repeat","background-position":"center center","background-size":"auto","background-attachment":"scroll","background-type":"","background-media":"","overlay-type":"","overlay-color":"","overlay-opacity":"","overlay-gradient":""},"mobile":{"background-color":"","background-image":"","background-repeat":"repeat","background-position":"center center","background-size":"auto","background-attachment":"scroll","background-type":"","background-media":"","overlay-type":"","overlay-color":"","overlay-opacity":"","overlay-gradient":""}},"ast-content-background-meta":{"desktop":{"background-color":"var(--ast-global-color-5)","background-image":"","background-repeat":"repeat","background-position":"center center","background-size":"auto","background-attachment":"scroll","background-type":"","background-media":"","overlay-type":"","overlay-color":"","overlay-opacity":"","overlay-gradient":""},"tablet":{"background-color":"var(--ast-global-color-5)","background-image":"","background-repeat":"repeat","background-position":"center center","background-size":"auto","background-attachment":"scroll","background-type":"","background-media":"","overlay-type":"","overlay-color":"","overlay-opacity":"","overlay-gradient":""},"mobile":{"background-color":"var(--ast-global-color-5)","background-image":"","background-repeat":"repeat","background-position":"center center","background-size":"auto","background-attachment":"scroll","background-type":"","background-media":"","overlay-type":"","overlay-color":"","overlay-opacity":"","overlay-gradient":""}},"footnotes":""},"categories":[],"tags":[],"class_list":["post-7577","page","type-page","status-publish","hentry"],"yoast_head":"<!-- This site is optimized with the Yoast SEO plugin v27.4 - https:\/\/yoast.com\/product\/yoast-seo-wordpress\/ -->\n<title>Rindes estimados 2011 &#8226; Chandler Orchards<\/title>\n<meta name=\"description\" content=\"Evoluci\u00f3n de un cultivo de nogales en condiciones \u00f3ptimas de clima, riego, manejo e insumos.\" \/>\n<meta name=\"robots\" content=\"index, follow, max-snippet:-1, max-image-preview:large, max-video-preview:-1\" \/>\n<link rel=\"canonical\" href=\"https:\/\/chandlerorchards.com\/es\/rindes-estimados-2011\/\" \/>\n<meta property=\"og:locale\" content=\"es_ES\" \/>\n<meta property=\"og:type\" content=\"article\" \/>\n<meta property=\"og:title\" content=\"Rindes estimados\" \/>\n<meta property=\"og:description\" content=\"Evoluci\u00f3n de un cultivo de nogales en condiciones \u00f3ptimas de clima, riego, manejo e insumos.\" \/>\n<meta property=\"og:url\" content=\"https:\/\/chandlerorchards.com\/es\/rindes-estimados-2011\/\" \/>\n<meta property=\"og:site_name\" content=\"Chandler Orchards\" \/>\n<meta property=\"article:publisher\" content=\"https:\/\/www.facebook.com\/chandlerorchards\/\" \/>\n<meta property=\"article:modified_time\" content=\"2024-11-28T23:38:08+00:00\" \/>\n<meta property=\"og:image\" content=\"https:\/\/chandlerorchards.com\/wp-content\/uploads\/2022\/06\/tom-hermans-642305-unsplash-1-1.jpg\" \/>\n\t<meta property=\"og:image:width\" content=\"1200\" \/>\n\t<meta property=\"og:image:height\" content=\"800\" \/>\n\t<meta property=\"og:image:type\" content=\"image\/jpeg\" \/>\n<meta name=\"twitter:card\" content=\"summary_large_image\" \/>\n<meta name=\"twitter:title\" content=\"Rindes estimados\" \/>\n<meta name=\"twitter:description\" content=\"Evoluci\u00f3n de un cultivo de nogales en condiciones \u00f3ptimas de clima, riego, manejo e insumos.\" \/>\n<meta name=\"twitter:image\" content=\"https:\/\/chandlerorchards.com\/wp-content\/uploads\/2022\/06\/tom-hermans-642305-unsplash-1-1.jpg\" \/>\n<meta name=\"twitter:label1\" content=\"Tiempo de lectura\" \/>\n\t<meta name=\"twitter:data1\" content=\"1 minuto\" \/>\n<script type=\"application\/ld+json\" class=\"yoast-schema-graph\">{\"@context\":\"https:\\\/\\\/schema.org\",\"@graph\":[{\"@type\":\"WebPage\",\"@id\":\"https:\\\/\\\/chandlerorchards.com\\\/es\\\/rindes-estimados-2011\\\/\",\"url\":\"https:\\\/\\\/chandlerorchards.com\\\/es\\\/rindes-estimados-2011\\\/\",\"name\":\"Rindes estimados 2011 &#8226; Chandler Orchards\",\"isPartOf\":{\"@id\":\"https:\\\/\\\/chandlerorchards.com\\\/#website\"},\"datePublished\":\"2020-08-05T13:42:45+00:00\",\"dateModified\":\"2024-11-28T23:38:08+00:00\",\"description\":\"Evoluci\u00f3n de un cultivo de nogales en condiciones \u00f3ptimas de clima, riego, manejo e insumos.\",\"breadcrumb\":{\"@id\":\"https:\\\/\\\/chandlerorchards.com\\\/es\\\/rindes-estimados-2011\\\/#breadcrumb\"},\"inLanguage\":\"es\",\"potentialAction\":[{\"@type\":\"ReadAction\",\"target\":[\"https:\\\/\\\/chandlerorchards.com\\\/es\\\/rindes-estimados-2011\\\/\"]}]},{\"@type\":\"BreadcrumbList\",\"@id\":\"https:\\\/\\\/chandlerorchards.com\\\/es\\\/rindes-estimados-2011\\\/#breadcrumb\",\"itemListElement\":[{\"@type\":\"ListItem\",\"position\":1,\"name\":\"Home\",\"item\":\"https:\\\/\\\/chandlerorchards.com\\\/es\\\/inversion-en-nogales-en-mendoza-argentina\\\/\"},{\"@type\":\"ListItem\",\"position\":2,\"name\":\"Rindes estimados 2011\"}]},{\"@type\":\"WebSite\",\"@id\":\"https:\\\/\\\/chandlerorchards.com\\\/#website\",\"url\":\"https:\\\/\\\/chandlerorchards.com\\\/\",\"name\":\"Chandler Orchards\",\"description\":\"\",\"publisher\":{\"@id\":\"https:\\\/\\\/chandlerorchards.com\\\/#organization\"},\"potentialAction\":[{\"@type\":\"SearchAction\",\"target\":{\"@type\":\"EntryPoint\",\"urlTemplate\":\"https:\\\/\\\/chandlerorchards.com\\\/?s={search_term_string}\"},\"query-input\":{\"@type\":\"PropertyValueSpecification\",\"valueRequired\":true,\"valueName\":\"search_term_string\"}}],\"inLanguage\":\"es\"},{\"@type\":\"Organization\",\"@id\":\"https:\\\/\\\/chandlerorchards.com\\\/#organization\",\"name\":\"Chandler Orchards\",\"url\":\"https:\\\/\\\/chandlerorchards.com\\\/\",\"logo\":{\"@type\":\"ImageObject\",\"inLanguage\":\"es\",\"@id\":\"https:\\\/\\\/chandlerorchards.com\\\/#\\\/schema\\\/logo\\\/image\\\/\",\"url\":\"https:\\\/\\\/chandlerorchards.com\\\/wp-content\\\/uploads\\\/2022\\\/06\\\/chandler_orchards_360px_logo-1.png\",\"contentUrl\":\"https:\\\/\\\/chandlerorchards.com\\\/wp-content\\\/uploads\\\/2022\\\/06\\\/chandler_orchards_360px_logo-1.png\",\"width\":360,\"height\":360,\"caption\":\"Chandler Orchards\"},\"image\":{\"@id\":\"https:\\\/\\\/chandlerorchards.com\\\/#\\\/schema\\\/logo\\\/image\\\/\"},\"sameAs\":[\"https:\\\/\\\/www.facebook.com\\\/chandlerorchards\\\/\",\"https:\\\/\\\/www.instagram.com\\\/chandlerorchards\\\/\",\"https:\\\/\\\/www.youtube.com\\\/channel\\\/UChc9UYe8FHa6NY9oMxZd6JQ\"]}]}<\/script>\n<!-- \/ Yoast SEO plugin. -->","yoast_head_json":{"title":"Rindes estimados 2011 &#8226; Chandler Orchards","description":"Evoluci\u00f3n de un cultivo de nogales en condiciones \u00f3ptimas de clima, riego, manejo e insumos.","robots":{"index":"index","follow":"follow","max-snippet":"max-snippet:-1","max-image-preview":"max-image-preview:large","max-video-preview":"max-video-preview:-1"},"canonical":"https:\/\/chandlerorchards.com\/es\/rindes-estimados-2011\/","og_locale":"es_ES","og_type":"article","og_title":"Rindes estimados","og_description":"Evoluci\u00f3n de un cultivo de nogales en condiciones \u00f3ptimas de clima, riego, manejo e insumos.","og_url":"https:\/\/chandlerorchards.com\/es\/rindes-estimados-2011\/","og_site_name":"Chandler Orchards","article_publisher":"https:\/\/www.facebook.com\/chandlerorchards\/","article_modified_time":"2024-11-28T23:38:08+00:00","og_image":[{"width":1200,"height":800,"url":"https:\/\/chandlerorchards.com\/wp-content\/uploads\/2022\/06\/tom-hermans-642305-unsplash-1-1.jpg","type":"image\/jpeg"}],"twitter_card":"summary_large_image","twitter_title":"Rindes estimados","twitter_description":"Evoluci\u00f3n de un cultivo de nogales en condiciones \u00f3ptimas de clima, riego, manejo e insumos.","twitter_image":"https:\/\/chandlerorchards.com\/wp-content\/uploads\/2022\/06\/tom-hermans-642305-unsplash-1-1.jpg","twitter_misc":{"Tiempo de lectura":"1 minuto"},"schema":{"@context":"https:\/\/schema.org","@graph":[{"@type":"WebPage","@id":"https:\/\/chandlerorchards.com\/es\/rindes-estimados-2011\/","url":"https:\/\/chandlerorchards.com\/es\/rindes-estimados-2011\/","name":"Rindes estimados 2011 &#8226; Chandler Orchards","isPartOf":{"@id":"https:\/\/chandlerorchards.com\/#website"},"datePublished":"2020-08-05T13:42:45+00:00","dateModified":"2024-11-28T23:38:08+00:00","description":"Evoluci\u00f3n de un cultivo de nogales en condiciones \u00f3ptimas de clima, riego, manejo e insumos.","breadcrumb":{"@id":"https:\/\/chandlerorchards.com\/es\/rindes-estimados-2011\/#breadcrumb"},"inLanguage":"es","potentialAction":[{"@type":"ReadAction","target":["https:\/\/chandlerorchards.com\/es\/rindes-estimados-2011\/"]}]},{"@type":"BreadcrumbList","@id":"https:\/\/chandlerorchards.com\/es\/rindes-estimados-2011\/#breadcrumb","itemListElement":[{"@type":"ListItem","position":1,"name":"Home","item":"https:\/\/chandlerorchards.com\/es\/inversion-en-nogales-en-mendoza-argentina\/"},{"@type":"ListItem","position":2,"name":"Rindes estimados 2011"}]},{"@type":"WebSite","@id":"https:\/\/chandlerorchards.com\/#website","url":"https:\/\/chandlerorchards.com\/","name":"Chandler Orchards","description":"","publisher":{"@id":"https:\/\/chandlerorchards.com\/#organization"},"potentialAction":[{"@type":"SearchAction","target":{"@type":"EntryPoint","urlTemplate":"https:\/\/chandlerorchards.com\/?s={search_term_string}"},"query-input":{"@type":"PropertyValueSpecification","valueRequired":true,"valueName":"search_term_string"}}],"inLanguage":"es"},{"@type":"Organization","@id":"https:\/\/chandlerorchards.com\/#organization","name":"Chandler Orchards","url":"https:\/\/chandlerorchards.com\/","logo":{"@type":"ImageObject","inLanguage":"es","@id":"https:\/\/chandlerorchards.com\/#\/schema\/logo\/image\/","url":"https:\/\/chandlerorchards.com\/wp-content\/uploads\/2022\/06\/chandler_orchards_360px_logo-1.png","contentUrl":"https:\/\/chandlerorchards.com\/wp-content\/uploads\/2022\/06\/chandler_orchards_360px_logo-1.png","width":360,"height":360,"caption":"Chandler Orchards"},"image":{"@id":"https:\/\/chandlerorchards.com\/#\/schema\/logo\/image\/"},"sameAs":["https:\/\/www.facebook.com\/chandlerorchards\/","https:\/\/www.instagram.com\/chandlerorchards\/","https:\/\/www.youtube.com\/channel\/UChc9UYe8FHa6NY9oMxZd6JQ"]}]}},"_links":{"self":[{"href":"https:\/\/chandlerorchards.com\/es\/wp-json\/wp\/v2\/pages\/7577","targetHints":{"allow":["GET"]}}],"collection":[{"href":"https:\/\/chandlerorchards.com\/es\/wp-json\/wp\/v2\/pages"}],"about":[{"href":"https:\/\/chandlerorchards.com\/es\/wp-json\/wp\/v2\/types\/page"}],"author":[{"embeddable":true,"href":"https:\/\/chandlerorchards.com\/es\/wp-json\/wp\/v2\/users\/13"}],"replies":[{"embeddable":true,"href":"https:\/\/chandlerorchards.com\/es\/wp-json\/wp\/v2\/comments?post=7577"}],"version-history":[{"count":24,"href":"https:\/\/chandlerorchards.com\/es\/wp-json\/wp\/v2\/pages\/7577\/revisions"}],"predecessor-version":[{"id":9002,"href":"https:\/\/chandlerorchards.com\/es\/wp-json\/wp\/v2\/pages\/7577\/revisions\/9002"}],"wp:attachment":[{"href":"https:\/\/chandlerorchards.com\/es\/wp-json\/wp\/v2\/media?parent=7577"}],"wp:term":[{"taxonomy":"category","embeddable":true,"href":"https:\/\/chandlerorchards.com\/es\/wp-json\/wp\/v2\/categories?post=7577"},{"taxonomy":"post_tag","embeddable":true,"href":"https:\/\/chandlerorchards.com\/es\/wp-json\/wp\/v2\/tags?post=7577"}],"curies":[{"name":"wp","href":"https:\/\/api.w.org\/{rel}","templated":true}]}}