{"id":5866,"date":"2019-01-29T14:26:42","date_gmt":"2019-01-29T17:26:42","guid":{"rendered":"https:\/\/www.chandlerorchards.com\/?page_id=5866"},"modified":"2019-04-16T15:04:10","modified_gmt":"2019-04-16T18:04:10","slug":"forma-juridica-de-la-inversion","status":"publish","type":"page","link":"https:\/\/chandlerorchards.com\/es\/forma-juridica-de-la-inversion\/","title":{"rendered":"Forma juridica de la inversi\u00f3n"},"content":{"rendered":"\t\t<div data-elementor-type=\"wp-post\" data-elementor-id=\"5866\" class=\"elementor elementor-5866\" data-elementor-post-type=\"page\">\n\t\t\t\t\t\t<header class=\"elementor-section elementor-top-section elementor-element elementor-element-698f5c1a elementor-section-boxed elementor-section-height-default elementor-section-height-default\" data-id=\"698f5c1a\" data-element_type=\"section\" data-e-type=\"section\" data-settings=\"{&quot;background_background&quot;:&quot;classic&quot;,&quot;shape_divider_bottom&quot;:&quot;curve-asymmetrical&quot;,&quot;shape_divider_bottom_negative&quot;:&quot;yes&quot;}\">\n\t\t\t\t\t\t\t<div class=\"elementor-background-overlay\"><\/div>\n\t\t\t\t\t\t<div class=\"elementor-shape elementor-shape-bottom\" aria-hidden=\"true\" data-negative=\"true\">\n\t\t\t<svg xmlns=\"http:\/\/www.w3.org\/2000\/svg\" viewBox=\"0 0 1000 100\" preserveAspectRatio=\"none\">\n\t<path class=\"elementor-shape-fill\" d=\"M615.2,96.7C240.2,97.8,0,18.9,0,0v100h1000V0C1000,19.2,989.8,96,615.2,96.7z\"\/>\n<\/svg>\t\t<\/div>\n\t\t\t\t\t<div class=\"elementor-container elementor-column-gap-default\">\n\t\t\t\t\t<header class=\"elementor-column elementor-col-100 elementor-top-column elementor-element elementor-element-7b1cf4c2\" data-id=\"7b1cf4c2\" data-element_type=\"column\" data-e-type=\"column\">\n\t\t\t<div class=\"elementor-widget-wrap elementor-element-populated\">\n\t\t\t\t\t\t<div class=\"elementor-element elementor-element-76466071 elementor-widget elementor-widget-heading\" data-id=\"76466071\" data-element_type=\"widget\" data-e-type=\"widget\" data-widget_type=\"heading.default\">\n\t\t\t\t<div class=\"elementor-widget-container\">\n\t\t\t\t\t<h1 class=\"elementor-heading-title elementor-size-default\">FORMA JUR\u00cdDICA DE LA INVERSI\u00d3N<\/h1>\t\t\t\t<\/div>\n\t\t\t\t<\/div>\n\t\t\t\t<div class=\"elementor-element elementor-element-6b197a76 elementor-widget elementor-widget-heading\" data-id=\"6b197a76\" data-element_type=\"widget\" data-e-type=\"widget\" data-widget_type=\"heading.default\">\n\t\t\t\t<div class=\"elementor-widget-container\">\n\t\t\t\t\t<h4 class=\"elementor-heading-title elementor-size-default\">La organizaci\u00f3n jur\u00eddica del campo es a trav\u00e9s de un fideicomiso inmobiliario<\/h4>\t\t\t\t<\/div>\n\t\t\t\t<\/div>\n\t\t\t\t\t<\/div>\n\t\t<\/header>\n\t\t\t\t\t<\/div>\n\t\t<\/header>\n\t\t\t\t<section class=\"elementor-section elementor-top-section elementor-element elementor-element-36ddeb7 elementor-section-boxed elementor-section-height-default elementor-section-height-default\" data-id=\"36ddeb7\" data-element_type=\"section\" data-e-type=\"section\">\n\t\t\t\t\t\t<div class=\"elementor-container elementor-column-gap-default\">\n\t\t\t\t\t<div class=\"elementor-column elementor-col-50 elementor-top-column elementor-element elementor-element-1f44ed81\" data-id=\"1f44ed81\" data-element_type=\"column\" data-e-type=\"column\">\n\t\t\t<div class=\"elementor-widget-wrap elementor-element-populated\">\n\t\t\t\t\t\t<div class=\"elementor-element elementor-element-1fe152d1 elementor-widget elementor-widget-heading\" data-id=\"1fe152d1\" data-element_type=\"widget\" data-e-type=\"widget\" data-widget_type=\"heading.default\">\n\t\t\t\t<div class=\"elementor-widget-container\">\n\t\t\t\t\t<h2 class=\"elementor-heading-title elementor-size-default\">Fideicomiso Inmobiliario<\/h2>\t\t\t\t<\/div>\n\t\t\t\t<\/div>\n\t\t\t\t<div class=\"elementor-element elementor-element-9ea186f elementor-widget elementor-widget-heading\" data-id=\"9ea186f\" data-element_type=\"widget\" data-e-type=\"widget\" data-widget_type=\"heading.default\">\n\t\t\t\t<div class=\"elementor-widget-container\">\n\t\t\t\t\t<h6 class=\"elementor-heading-title elementor-size-default\">Un modelo exitoso<\/h6>\t\t\t\t<\/div>\n\t\t\t\t<\/div>\n\t\t\t\t<div class=\"elementor-element elementor-element-246256f0 elementor-widget-divider--view-line elementor-widget elementor-widget-divider\" data-id=\"246256f0\" data-element_type=\"widget\" data-e-type=\"widget\" data-widget_type=\"divider.default\">\n\t\t\t\t<div class=\"elementor-widget-container\">\n\t\t\t\t\t\t\t<div class=\"elementor-divider\">\n\t\t\t<span class=\"elementor-divider-separator\">\n\t\t\t\t\t\t<\/span>\n\t\t<\/div>\n\t\t\t\t\t\t<\/div>\n\t\t\t\t<\/div>\n\t\t\t\t<div class=\"elementor-element elementor-element-29f45130 elementor-widget elementor-widget-text-editor\" data-id=\"29f45130\" data-element_type=\"widget\" data-e-type=\"widget\" data-widget_type=\"text-editor.default\">\n\t\t\t\t<div class=\"elementor-widget-container\">\n\t\t\t\t\t\t\t\t\t<p>El <strong>fideicomiso es una estructura eficiente en impuestos<\/strong> que permite a un grupo diverso de inversionistas emprender un proyecto agr\u00edcola com\u00fan con la m\u00e1xima seguridad para todos los involucrados. La propiedad de la tierra es propiedad de un fideicomisario y est\u00e1 separada de la empresa administradora, lo que garantiza la inversi\u00f3n en todo momento.<\/p><p>El fideicomiso no paga impuesto a las ganancias, sino que pasa a trav\u00e9s de la base imponible a cada inversionista individual, <strong>asegurando que no haya doble imposici\u00f3n<\/strong>.\u00a0<\/p><p style=\"font-size: 15px; font-style: normal; font-weight: 400;\">Cada hect\u00e1rea de la plantaci\u00f3n esta\u00a0<span style=\"font-weight: bold;\">medida, identificada y numerada<\/span>\u00a0en la mensura del campo.<\/p><p style=\"font-size: 15px; font-style: normal; font-weight: 400;\">Cuando un inversor forma parte del proyecto le asignamos su hect\u00e1rea y\u00a0<span style=\"font-weight: bold;\">va a escriturar esa hect\u00e1rea a futuro<\/span>. Pero mientras dura el fideicomiso trabajamos como una sola unidad operativa. Un inversor que participa con 1 hect\u00e1rea en un fideicomiso con 100 hect\u00e1reas va a pagar el 1% de los gastos y recibir 1% de la cosecha total sin importar cuanto rindi\u00f3 su hect\u00e1rea en particular.<\/p><p><span style=\"font-size: 15px; font-style: normal; font-weight: 400;\">Durante el proceso de crecimiento hay hect\u00e1reas que pueden producir m\u00e1s o menos, pero a trav\u00e9s de este sistema,\u00a0<\/span><span style=\"font-weight: bold; font-size: 15px; font-style: normal;\">cada inversor cobra el promedio<\/span><span style=\"font-size: 15px; font-style: normal; font-weight: 400;\">\u00a0del campo entero.\u00a0<\/span><span style=\"font-weight: bold; font-size: 15px; font-style: normal;\">Al finalizar los 20 a\u00f1os todas las hect\u00e1reas habr\u00e1n emparejado su producci\u00f3n en el punto m\u00e1ximo.\u00a0<\/span><\/p><p>La estructura es extremadamente l\u00edquida, ya que <strong>los inversores son libres de transferir su participaci\u00f3n en el fideicomiso en cualquier momento<\/strong> a trav\u00e9s de un contrato y simplemente notificando al fiduciario el cambio en la propiedad. Esto permite que la propiedad cambie de manos sin la necesidad de pagar impuestos de registro de la propiedad o gastos de notario p\u00fablico.<\/p>\t\t\t\t\t\t\t\t<\/div>\n\t\t\t\t<\/div>\n\t\t\t\t\t<\/div>\n\t\t<\/div>\n\t\t\t\t<div class=\"elementor-column elementor-col-50 elementor-top-column elementor-element elementor-element-1e89f707\" data-id=\"1e89f707\" data-element_type=\"column\" data-e-type=\"column\">\n\t\t\t<div class=\"elementor-widget-wrap elementor-element-populated\">\n\t\t\t\t\t\t<div class=\"elementor-element elementor-element-6cea8f0e elementor-view-default elementor-position-block-start elementor-mobile-position-block-start elementor-widget elementor-widget-icon-box\" data-id=\"6cea8f0e\" data-element_type=\"widget\" data-e-type=\"widget\" data-widget_type=\"icon-box.default\">\n\t\t\t\t<div class=\"elementor-widget-container\">\n\t\t\t\t\t\t\t<div class=\"elementor-icon-box-wrapper\">\n\n\t\t\t\t\t\t<div class=\"elementor-icon-box-icon\">\n\t\t\t\t<span  class=\"elementor-icon\">\n\t\t\t\t<i class=\"fa fa-calendar\" aria-hidden=\"true\"><\/i>\t\t\t\t<\/span>\n\t\t\t<\/div>\n\t\t\t\n\t\t\t\t\t\t<div class=\"elementor-icon-box-content\">\n\n\t\t\t\t\t\t\t\t\t<h5 class=\"elementor-icon-box-title\">\n\t\t\t\t\t\t<span  >\n\t\t\t\t\t\t\tDuraci\u00f3n: 20 a\u00f1os\t\t\t\t\t\t<\/span>\n\t\t\t\t\t<\/h5>\n\t\t\t\t\n\t\t\t\t\t\t\t\t\t<p class=\"elementor-icon-box-description\">\n\t\t\t\t\t\tEl fideicomiso dura 20 a\u00f1os y es lo que nos permite legalmente gestionar el campo <b>en beneficio de nuestros inversores<\/b>. Al final del plazo del fideicomiso los inversores deben decidir por asamblea si quieren renovarlo por 5 a\u00f1os m\u00e1s o escriturar las tierras.\t\t\t\t\t<\/p>\n\t\t\t\t\n\t\t\t<\/div>\n\t\t\t\n\t\t<\/div>\n\t\t\t\t\t\t<\/div>\n\t\t\t\t<\/div>\n\t\t\t\t<div class=\"elementor-element elementor-element-9fb7c82 elementor-view-default elementor-position-block-start elementor-mobile-position-block-start elementor-widget elementor-widget-icon-box\" data-id=\"9fb7c82\" data-element_type=\"widget\" data-e-type=\"widget\" data-widget_type=\"icon-box.default\">\n\t\t\t\t<div class=\"elementor-widget-container\">\n\t\t\t\t\t\t\t<div class=\"elementor-icon-box-wrapper\">\n\n\t\t\t\t\t\t<div class=\"elementor-icon-box-icon\">\n\t\t\t\t<span  class=\"elementor-icon\">\n\t\t\t\t<i class=\"fa fa-flag\" aria-hidden=\"true\"><\/i>\t\t\t\t<\/span>\n\t\t\t<\/div>\n\t\t\t\n\t\t\t\t\t\t<div class=\"elementor-icon-box-content\">\n\n\t\t\t\t\t\t\t\t\t<h3 class=\"elementor-icon-box-title\">\n\t\t\t\t\t\t<span  >\n\t\t\t\t\t\t\tInversores extranjeros\t\t\t\t\t\t<\/span>\n\t\t\t\t\t<\/h3>\n\t\t\t\t\n\t\t\t\t\t\t\t\t\t<p class=\"elementor-icon-box-description\">\n\t\t\t\t\t\tLos inversionistas que residen fuera de Argentina pagar\u00e1n una tasa efectiva de impuesto sobre la renta del 31.5% (35% con una deducci\u00f3n est\u00e1ndar del 10%) sobre sus ganancias de la plantaci\u00f3n y pueden obtener un cr\u00e9dito fiscal extranjero asegurando que su renta no sea gravada nuevamente en su pa\u00eds de origen.\t\t\t\t\t<\/p>\n\t\t\t\t\n\t\t\t<\/div>\n\t\t\t\n\t\t<\/div>\n\t\t\t\t\t\t<\/div>\n\t\t\t\t<\/div>\n\t\t\t\t\t<\/div>\n\t\t<\/div>\n\t\t\t\t\t<\/div>\n\t\t<\/section>\n\t\t\t\t<\/div>\n\t\t","protected":false},"excerpt":{"rendered":"<p>FORMA JUR\u00cdDICA DE LA INVERSI\u00d3N La organizaci\u00f3n jur\u00eddica del campo es a trav\u00e9s de un fideicomiso inmobiliario Fideicomiso Inmobiliario Un modelo exitoso El fideicomiso es una estructura eficiente en impuestos que permite a un grupo diverso de inversionistas emprender un proyecto agr\u00edcola com\u00fan con la m\u00e1xima seguridad para todos los involucrados. La propiedad de la [&hellip;]<\/p>\n","protected":false},"author":1,"featured_media":0,"parent":0,"menu_order":0,"comment_status":"closed","ping_status":"closed","template":"","meta":{"site-sidebar-layout":"no-sidebar","site-content-layout":"page-builder","ast-site-content-layout":"default","site-content-style":"default","site-sidebar-style":"default","ast-global-header-display":"","ast-banner-title-visibility":"","ast-main-header-display":"","ast-hfb-above-header-display":"","ast-hfb-below-header-display":"","ast-hfb-mobile-header-display":"","site-post-title":"disabled","ast-breadcrumbs-content":"","ast-featured-img":"disabled","footer-sml-layout":"","ast-disable-related-posts":"","theme-transparent-header-meta":"default","adv-header-id-meta":"","stick-header-meta":"default","header-above-stick-meta":"","header-main-stick-meta":"","header-below-stick-meta":"","astra-migrate-meta-layouts":"default","ast-page-background-enabled":"default","ast-page-background-meta":{"desktop":{"background-color":"","background-image":"","background-repeat":"repeat","background-position":"center center","background-size":"auto","background-attachment":"scroll","background-type":"","background-media":"","overlay-type":"","overlay-color":"","overlay-opacity":"","overlay-gradient":""},"tablet":{"background-color":"","background-image":"","background-repeat":"repeat","background-position":"center center","background-size":"auto","background-attachment":"scroll","background-type":"","background-media":"","overlay-type":"","overlay-color":"","overlay-opacity":"","overlay-gradient":""},"mobile":{"background-color":"","background-image":"","background-repeat":"repeat","background-position":"center center","background-size":"auto","background-attachment":"scroll","background-type":"","background-media":"","overlay-type":"","overlay-color":"","overlay-opacity":"","overlay-gradient":""}},"ast-content-background-meta":{"desktop":{"background-color":"var(--ast-global-color-5)","background-image":"","background-repeat":"repeat","background-position":"center center","background-size":"auto","background-attachment":"scroll","background-type":"","background-media":"","overlay-type":"","overlay-color":"","overlay-opacity":"","overlay-gradient":""},"tablet":{"background-color":"var(--ast-global-color-5)","background-image":"","background-repeat":"repeat","background-position":"center center","background-size":"auto","background-attachment":"scroll","background-type":"","background-media":"","overlay-type":"","overlay-color":"","overlay-opacity":"","overlay-gradient":""},"mobile":{"background-color":"var(--ast-global-color-5)","background-image":"","background-repeat":"repeat","background-position":"center center","background-size":"auto","background-attachment":"scroll","background-type":"","background-media":"","overlay-type":"","overlay-color":"","overlay-opacity":"","overlay-gradient":""}},"footnotes":""},"categories":[],"tags":[],"class_list":["post-5866","page","type-page","status-publish","hentry"],"yoast_head":"<!-- This site is optimized with the Yoast SEO plugin v27.4 - https:\/\/yoast.com\/product\/yoast-seo-wordpress\/ -->\n<title>Forma juridica de la inversi\u00f3n &#8226; Chandler Orchards<\/title>\n<meta name=\"robots\" content=\"index, follow, max-snippet:-1, max-image-preview:large, max-video-preview:-1\" \/>\n<link rel=\"canonical\" href=\"https:\/\/chandlerorchards.com\/es\/forma-juridica-de-la-inversion\/\" \/>\n<meta property=\"og:locale\" content=\"es_ES\" \/>\n<meta property=\"og:type\" content=\"article\" \/>\n<meta property=\"og:title\" content=\"Forma juridica de la inversi\u00f3n &#8226; Chandler Orchards\" \/>\n<meta property=\"og:description\" content=\"FORMA JUR\u00cdDICA DE LA INVERSI\u00d3N La organizaci\u00f3n jur\u00eddica del campo es a trav\u00e9s de un fideicomiso inmobiliario Fideicomiso Inmobiliario Un modelo exitoso El fideicomiso es una estructura eficiente en impuestos que permite a un grupo diverso de inversionistas emprender un proyecto agr\u00edcola com\u00fan con la m\u00e1xima seguridad para todos los involucrados. La propiedad de la [&hellip;]\" \/>\n<meta property=\"og:url\" content=\"https:\/\/chandlerorchards.com\/es\/forma-juridica-de-la-inversion\/\" \/>\n<meta property=\"og:site_name\" content=\"Chandler Orchards\" \/>\n<meta property=\"article:publisher\" content=\"https:\/\/www.facebook.com\/chandlerorchards\/\" \/>\n<meta property=\"article:modified_time\" content=\"2019-04-16T18:04:10+00:00\" \/>\n<meta property=\"og:image\" content=\"https:\/\/chandlerorchards.com\/wp-content\/uploads\/2022\/06\/walnut-horizon.jpg\" \/>\n\t<meta property=\"og:image:width\" content=\"2464\" \/>\n\t<meta property=\"og:image:height\" content=\"1632\" \/>\n\t<meta property=\"og:image:type\" content=\"image\/jpeg\" \/>\n<meta name=\"twitter:card\" content=\"summary_large_image\" \/>\n<meta name=\"twitter:label1\" content=\"Tiempo de lectura\" \/>\n\t<meta name=\"twitter:data1\" content=\"2 minutos\" \/>\n<script type=\"application\/ld+json\" class=\"yoast-schema-graph\">{\"@context\":\"https:\\\/\\\/schema.org\",\"@graph\":[{\"@type\":\"WebPage\",\"@id\":\"https:\\\/\\\/chandlerorchards.com\\\/es\\\/forma-juridica-de-la-inversion\\\/\",\"url\":\"https:\\\/\\\/chandlerorchards.com\\\/es\\\/forma-juridica-de-la-inversion\\\/\",\"name\":\"Forma juridica de la inversi\u00f3n &#8226; Chandler Orchards\",\"isPartOf\":{\"@id\":\"https:\\\/\\\/chandlerorchards.com\\\/#website\"},\"datePublished\":\"2019-01-29T17:26:42+00:00\",\"dateModified\":\"2019-04-16T18:04:10+00:00\",\"breadcrumb\":{\"@id\":\"https:\\\/\\\/chandlerorchards.com\\\/es\\\/forma-juridica-de-la-inversion\\\/#breadcrumb\"},\"inLanguage\":\"es\",\"potentialAction\":[{\"@type\":\"ReadAction\",\"target\":[\"https:\\\/\\\/chandlerorchards.com\\\/es\\\/forma-juridica-de-la-inversion\\\/\"]}]},{\"@type\":\"BreadcrumbList\",\"@id\":\"https:\\\/\\\/chandlerorchards.com\\\/es\\\/forma-juridica-de-la-inversion\\\/#breadcrumb\",\"itemListElement\":[{\"@type\":\"ListItem\",\"position\":1,\"name\":\"Home\",\"item\":\"https:\\\/\\\/chandlerorchards.com\\\/es\\\/inversion-en-nogales-en-mendoza-argentina\\\/\"},{\"@type\":\"ListItem\",\"position\":2,\"name\":\"Forma juridica de la inversi\u00f3n\"}]},{\"@type\":\"WebSite\",\"@id\":\"https:\\\/\\\/chandlerorchards.com\\\/#website\",\"url\":\"https:\\\/\\\/chandlerorchards.com\\\/\",\"name\":\"Chandler Orchards\",\"description\":\"\",\"publisher\":{\"@id\":\"https:\\\/\\\/chandlerorchards.com\\\/#organization\"},\"potentialAction\":[{\"@type\":\"SearchAction\",\"target\":{\"@type\":\"EntryPoint\",\"urlTemplate\":\"https:\\\/\\\/chandlerorchards.com\\\/?s={search_term_string}\"},\"query-input\":{\"@type\":\"PropertyValueSpecification\",\"valueRequired\":true,\"valueName\":\"search_term_string\"}}],\"inLanguage\":\"es\"},{\"@type\":\"Organization\",\"@id\":\"https:\\\/\\\/chandlerorchards.com\\\/#organization\",\"name\":\"Chandler Orchards\",\"url\":\"https:\\\/\\\/chandlerorchards.com\\\/\",\"logo\":{\"@type\":\"ImageObject\",\"inLanguage\":\"es\",\"@id\":\"https:\\\/\\\/chandlerorchards.com\\\/#\\\/schema\\\/logo\\\/image\\\/\",\"url\":\"https:\\\/\\\/chandlerorchards.com\\\/wp-content\\\/uploads\\\/2022\\\/06\\\/chandler_orchards_360px_logo-1.png\",\"contentUrl\":\"https:\\\/\\\/chandlerorchards.com\\\/wp-content\\\/uploads\\\/2022\\\/06\\\/chandler_orchards_360px_logo-1.png\",\"width\":360,\"height\":360,\"caption\":\"Chandler Orchards\"},\"image\":{\"@id\":\"https:\\\/\\\/chandlerorchards.com\\\/#\\\/schema\\\/logo\\\/image\\\/\"},\"sameAs\":[\"https:\\\/\\\/www.facebook.com\\\/chandlerorchards\\\/\",\"https:\\\/\\\/www.instagram.com\\\/chandlerorchards\\\/\",\"https:\\\/\\\/www.youtube.com\\\/channel\\\/UChc9UYe8FHa6NY9oMxZd6JQ\"]}]}<\/script>\n<!-- \/ Yoast SEO plugin. -->","yoast_head_json":{"title":"Forma juridica de la inversi\u00f3n &#8226; Chandler Orchards","robots":{"index":"index","follow":"follow","max-snippet":"max-snippet:-1","max-image-preview":"max-image-preview:large","max-video-preview":"max-video-preview:-1"},"canonical":"https:\/\/chandlerorchards.com\/es\/forma-juridica-de-la-inversion\/","og_locale":"es_ES","og_type":"article","og_title":"Forma juridica de la inversi\u00f3n &#8226; Chandler Orchards","og_description":"FORMA JUR\u00cdDICA DE LA INVERSI\u00d3N La organizaci\u00f3n jur\u00eddica del campo es a trav\u00e9s de un fideicomiso inmobiliario Fideicomiso Inmobiliario Un modelo exitoso El fideicomiso es una estructura eficiente en impuestos que permite a un grupo diverso de inversionistas emprender un proyecto agr\u00edcola com\u00fan con la m\u00e1xima seguridad para todos los involucrados. La propiedad de la [&hellip;]","og_url":"https:\/\/chandlerorchards.com\/es\/forma-juridica-de-la-inversion\/","og_site_name":"Chandler Orchards","article_publisher":"https:\/\/www.facebook.com\/chandlerorchards\/","article_modified_time":"2019-04-16T18:04:10+00:00","og_image":[{"width":2464,"height":1632,"url":"https:\/\/chandlerorchards.com\/wp-content\/uploads\/2022\/06\/walnut-horizon.jpg","type":"image\/jpeg"}],"twitter_card":"summary_large_image","twitter_misc":{"Tiempo de lectura":"2 minutos"},"schema":{"@context":"https:\/\/schema.org","@graph":[{"@type":"WebPage","@id":"https:\/\/chandlerorchards.com\/es\/forma-juridica-de-la-inversion\/","url":"https:\/\/chandlerorchards.com\/es\/forma-juridica-de-la-inversion\/","name":"Forma juridica de la inversi\u00f3n &#8226; Chandler Orchards","isPartOf":{"@id":"https:\/\/chandlerorchards.com\/#website"},"datePublished":"2019-01-29T17:26:42+00:00","dateModified":"2019-04-16T18:04:10+00:00","breadcrumb":{"@id":"https:\/\/chandlerorchards.com\/es\/forma-juridica-de-la-inversion\/#breadcrumb"},"inLanguage":"es","potentialAction":[{"@type":"ReadAction","target":["https:\/\/chandlerorchards.com\/es\/forma-juridica-de-la-inversion\/"]}]},{"@type":"BreadcrumbList","@id":"https:\/\/chandlerorchards.com\/es\/forma-juridica-de-la-inversion\/#breadcrumb","itemListElement":[{"@type":"ListItem","position":1,"name":"Home","item":"https:\/\/chandlerorchards.com\/es\/inversion-en-nogales-en-mendoza-argentina\/"},{"@type":"ListItem","position":2,"name":"Forma juridica de la inversi\u00f3n"}]},{"@type":"WebSite","@id":"https:\/\/chandlerorchards.com\/#website","url":"https:\/\/chandlerorchards.com\/","name":"Chandler Orchards","description":"","publisher":{"@id":"https:\/\/chandlerorchards.com\/#organization"},"potentialAction":[{"@type":"SearchAction","target":{"@type":"EntryPoint","urlTemplate":"https:\/\/chandlerorchards.com\/?s={search_term_string}"},"query-input":{"@type":"PropertyValueSpecification","valueRequired":true,"valueName":"search_term_string"}}],"inLanguage":"es"},{"@type":"Organization","@id":"https:\/\/chandlerorchards.com\/#organization","name":"Chandler Orchards","url":"https:\/\/chandlerorchards.com\/","logo":{"@type":"ImageObject","inLanguage":"es","@id":"https:\/\/chandlerorchards.com\/#\/schema\/logo\/image\/","url":"https:\/\/chandlerorchards.com\/wp-content\/uploads\/2022\/06\/chandler_orchards_360px_logo-1.png","contentUrl":"https:\/\/chandlerorchards.com\/wp-content\/uploads\/2022\/06\/chandler_orchards_360px_logo-1.png","width":360,"height":360,"caption":"Chandler Orchards"},"image":{"@id":"https:\/\/chandlerorchards.com\/#\/schema\/logo\/image\/"},"sameAs":["https:\/\/www.facebook.com\/chandlerorchards\/","https:\/\/www.instagram.com\/chandlerorchards\/","https:\/\/www.youtube.com\/channel\/UChc9UYe8FHa6NY9oMxZd6JQ"]}]}},"_links":{"self":[{"href":"https:\/\/chandlerorchards.com\/es\/wp-json\/wp\/v2\/pages\/5866","targetHints":{"allow":["GET"]}}],"collection":[{"href":"https:\/\/chandlerorchards.com\/es\/wp-json\/wp\/v2\/pages"}],"about":[{"href":"https:\/\/chandlerorchards.com\/es\/wp-json\/wp\/v2\/types\/page"}],"author":[{"embeddable":true,"href":"https:\/\/chandlerorchards.com\/es\/wp-json\/wp\/v2\/users\/1"}],"replies":[{"embeddable":true,"href":"https:\/\/chandlerorchards.com\/es\/wp-json\/wp\/v2\/comments?post=5866"}],"version-history":[{"count":18,"href":"https:\/\/chandlerorchards.com\/es\/wp-json\/wp\/v2\/pages\/5866\/revisions"}],"predecessor-version":[{"id":6303,"href":"https:\/\/chandlerorchards.com\/es\/wp-json\/wp\/v2\/pages\/5866\/revisions\/6303"}],"wp:attachment":[{"href":"https:\/\/chandlerorchards.com\/es\/wp-json\/wp\/v2\/media?parent=5866"}],"wp:term":[{"taxonomy":"category","embeddable":true,"href":"https:\/\/chandlerorchards.com\/es\/wp-json\/wp\/v2\/categories?post=5866"},{"taxonomy":"post_tag","embeddable":true,"href":"https:\/\/chandlerorchards.com\/es\/wp-json\/wp\/v2\/tags?post=5866"}],"curies":[{"name":"wp","href":"https:\/\/api.w.org\/{rel}","templated":true}]}}