{"id":5807,"date":"2019-01-26T10:17:36","date_gmt":"2019-01-26T13:17:36","guid":{"rendered":"https:\/\/www.chandlerorchards.com\/?page_id=5807"},"modified":"2019-01-26T10:17:37","modified_gmt":"2019-01-26T13:17:37","slug":"15min","status":"publish","type":"page","link":"https:\/\/chandlerorchards.com\/es\/15min\/","title":{"rendered":"\u00a1Gracias por tomar el primer paso!"},"content":{"rendered":"\t\t<div data-elementor-type=\"wp-post\" data-elementor-id=\"5807\" class=\"elementor elementor-5807 elementor-bc-flex-widget\" data-elementor-post-type=\"page\">\n\t\t\t\t\t\t<section class=\"elementor-section elementor-top-section elementor-element elementor-element-ad7d24b elementor-section-height-min-height elementor-section-boxed elementor-section-height-default elementor-section-items-middle\" data-id=\"ad7d24b\" data-element_type=\"section\" data-e-type=\"section\" data-settings=\"{&quot;background_background&quot;:&quot;classic&quot;}\">\n\t\t\t\t\t\t\t<div class=\"elementor-background-overlay\"><\/div>\n\t\t\t\t\t\t\t<div class=\"elementor-container elementor-column-gap-default\">\n\t\t\t\t\t<div class=\"elementor-column elementor-col-100 elementor-top-column elementor-element elementor-element-9207e51\" data-id=\"9207e51\" data-element_type=\"column\" data-e-type=\"column\">\n\t\t\t<div class=\"elementor-widget-wrap elementor-element-populated\">\n\t\t\t\t\t\t<div class=\"elementor-element elementor-element-e98230d elementor-widget elementor-widget-html\" data-id=\"e98230d\" data-element_type=\"widget\" data-e-type=\"widget\" data-widget_type=\"html.default\">\n\t\t\t\t<div class=\"elementor-widget-container\">\n\t\t\t\t\t<script>\r\n  fbq('track', 'Contact', {\r\n    value: 10,\r\n    currency: 'USD',\r\n  });\r\n<\/script>\t\t\t\t<\/div>\n\t\t\t\t<\/div>\n\t\t\t\t<div class=\"elementor-element elementor-element-c384f3b elementor-widget elementor-widget-heading\" data-id=\"c384f3b\" data-element_type=\"widget\" data-e-type=\"widget\" data-widget_type=\"heading.default\">\n\t\t\t\t<div class=\"elementor-widget-container\">\n\t\t\t\t\t<h1 class=\"elementor-heading-title elementor-size-default\">Gracias por tomar el primer paso<\/h1>\t\t\t\t<\/div>\n\t\t\t\t<\/div>\n\t\t\t\t<div class=\"elementor-element elementor-element-21e1a92 elementor-widget elementor-widget-heading\" data-id=\"21e1a92\" data-element_type=\"widget\" data-e-type=\"widget\" data-widget_type=\"heading.default\">\n\t\t\t\t<div class=\"elementor-widget-container\">\n\t\t\t\t\t<h4 class=\"elementor-heading-title elementor-size-default\">en ser parte de nuestro ambicioso proyecto como inversor.<\/h4>\t\t\t\t<\/div>\n\t\t\t\t<\/div>\n\t\t\t\t\t<\/div>\n\t\t<\/div>\n\t\t\t\t\t<\/div>\n\t\t<\/section>\n\t\t\t\t<section class=\"elementor-section elementor-top-section elementor-element elementor-element-41c8301 brown-background elementor-section-boxed elementor-section-height-default elementor-section-height-default\" data-id=\"41c8301\" data-element_type=\"section\" data-e-type=\"section\" data-settings=\"{&quot;background_background&quot;:&quot;classic&quot;,&quot;shape_divider_top&quot;:&quot;mountains&quot;}\">\n\t\t\t\t\t<div class=\"elementor-shape elementor-shape-top\" aria-hidden=\"true\" data-negative=\"false\">\n\t\t\t<svg xmlns=\"http:\/\/www.w3.org\/2000\/svg\" viewBox=\"0 0 1000 100\" preserveAspectRatio=\"none\">\n\t<path class=\"elementor-shape-fill\" opacity=\"0.33\" d=\"M473,67.3c-203.9,88.3-263.1-34-320.3,0C66,119.1,0,59.7,0,59.7V0h1000v59.7 c0,0-62.1,26.1-94.9,29.3c-32.8,3.3-62.8-12.3-75.8-22.1C806,49.6,745.3,8.7,694.9,4.7S492.4,59,473,67.3z\"\/>\n\t<path class=\"elementor-shape-fill\" opacity=\"0.66\" d=\"M734,67.3c-45.5,0-77.2-23.2-129.1-39.1c-28.6-8.7-150.3-10.1-254,39.1 s-91.7-34.4-149.2,0C115.7,118.3,0,39.8,0,39.8V0h1000v36.5c0,0-28.2-18.5-92.1-18.5C810.2,18.1,775.7,67.3,734,67.3z\"\/>\n\t<path class=\"elementor-shape-fill\" d=\"M766.1,28.9c-200-57.5-266,65.5-395.1,19.5C242,1.8,242,5.4,184.8,20.6C128,35.8,132.3,44.9,89.9,52.5C28.6,63.7,0,0,0,0 h1000c0,0-9.9,40.9-83.6,48.1S829.6,47,766.1,28.9z\"\/>\n<\/svg>\t\t<\/div>\n\t\t\t\t\t<div class=\"elementor-container elementor-column-gap-default\">\n\t\t\t\t\t<div class=\"elementor-column elementor-col-100 elementor-top-column elementor-element elementor-element-e341978\" data-id=\"e341978\" data-element_type=\"column\" data-e-type=\"column\">\n\t\t\t<div class=\"elementor-widget-wrap elementor-element-populated\">\n\t\t\t\t\t\t<div class=\"elementor-element elementor-element-684f79a elementor-view-default elementor-position-block-start elementor-mobile-position-block-start elementor-widget elementor-widget-icon-box\" data-id=\"684f79a\" data-element_type=\"widget\" data-e-type=\"widget\" data-widget_type=\"icon-box.default\">\n\t\t\t\t<div class=\"elementor-widget-container\">\n\t\t\t\t\t\t\t<div class=\"elementor-icon-box-wrapper\">\n\n\t\t\t\t\t\t<div class=\"elementor-icon-box-icon\">\n\t\t\t\t<span  class=\"elementor-icon\">\n\t\t\t\t\t\t\t\t<\/span>\n\t\t\t<\/div>\n\t\t\t\n\t\t\t\t\t\t<div class=\"elementor-icon-box-content\">\n\n\t\t\t\t\t\t\t\t\t<h3 class=\"elementor-icon-box-title\">\n\t\t\t\t\t\t<span  >\n\t\t\t\t\t\t\tTe contactaremos a la hora agendada\t\t\t\t\t\t<\/span>\n\t\t\t\t\t<\/h3>\n\t\t\t\t\n\t\t\t\t\t\t\t\t\t<p class=\"elementor-icon-box-description\">\n\t\t\t\t\t\t<b> Nos comunicaremos con vos a la hora agendada <\/b> para brindarte informaci\u00f3n adicional y resolver cualquier duda que puedas tener. Mientras tanto, recomendamos las siguientes p\u00e1ginas de nuestro sitio para obtener m\u00e1s informaci\u00f3n sobre las tierras de cultivo de nogales:\t\t\t\t\t<\/p>\n\t\t\t\t\n\t\t\t<\/div>\n\t\t\t\n\t\t<\/div>\n\t\t\t\t\t\t<\/div>\n\t\t\t\t<\/div>\n\t\t\t\t<div class=\"elementor-element elementor-element-ef7a3fb elementor-widget-divider--view-line elementor-widget elementor-widget-divider\" data-id=\"ef7a3fb\" data-element_type=\"widget\" data-e-type=\"widget\" data-widget_type=\"divider.default\">\n\t\t\t\t<div class=\"elementor-widget-container\">\n\t\t\t\t\t\t\t<div class=\"elementor-divider\">\n\t\t\t<span class=\"elementor-divider-separator\">\n\t\t\t\t\t\t<\/span>\n\t\t<\/div>\n\t\t\t\t\t\t<\/div>\n\t\t\t\t<\/div>\n\t\t\t\t\t<\/div>\n\t\t<\/div>\n\t\t\t\t\t<\/div>\n\t\t<\/section>\n\t\t\t\t<section class=\"elementor-section elementor-top-section elementor-element elementor-element-3e0c88d elementor-section-boxed elementor-section-height-default elementor-section-height-default\" data-id=\"3e0c88d\" data-element_type=\"section\" data-e-type=\"section\" data-settings=\"{&quot;background_background&quot;:&quot;classic&quot;}\">\n\t\t\t\t\t\t<div class=\"elementor-container elementor-column-gap-default\">\n\t\t\t\t\t<div class=\"elementor-column elementor-col-33 elementor-top-column elementor-element elementor-element-ec15238\" data-id=\"ec15238\" data-element_type=\"column\" data-e-type=\"column\">\n\t\t\t<div class=\"elementor-widget-wrap elementor-element-populated\">\n\t\t\t\t\t\t<div class=\"elementor-element elementor-element-7a4dcdf elementor-position-top elementor-widget elementor-widget-image-box\" data-id=\"7a4dcdf\" data-element_type=\"widget\" data-e-type=\"widget\" data-widget_type=\"image-box.default\">\n\t\t\t\t<div class=\"elementor-widget-container\">\n\t\t\t\t\t<div class=\"elementor-image-box-wrapper\"><figure class=\"elementor-image-box-img\"><a href=\"\/es\/nogales-como-inversion\/\" tabindex=\"-1\"><img decoding=\"async\" src=\"https:\/\/chandlerorchards.com\/wp-content\/uploads\/growth-1.svg\" class=\"elementor-animation-grow attachment-full size-full wp-image-3692\" alt=\"\" \/><\/a><\/figure><div class=\"elementor-image-box-content\"><h5 class=\"elementor-image-box-title\"><a href=\"\/es\/nogales-como-inversion\/\">Invertir en Nogales<\/a><\/h5><p class=\"elementor-image-box-description\">Obten\u00e9 m\u00e1s informaci\u00f3n sobre c\u00f3mo funcionan las tierras agr\u00edcolas de nogal administradas, qu\u00e9 servicios ofrece Chandler Orchards para los inversionistas y c\u00f3mo nuestro modelo de negocio \u00fanico significa obtener ganancias en conjunto.<\/p><\/div><\/div>\t\t\t\t<\/div>\n\t\t\t\t<\/div>\n\t\t\t\t\t<\/div>\n\t\t<\/div>\n\t\t\t\t<div class=\"elementor-column elementor-col-33 elementor-top-column elementor-element elementor-element-6533de8\" data-id=\"6533de8\" data-element_type=\"column\" data-e-type=\"column\">\n\t\t\t<div class=\"elementor-widget-wrap elementor-element-populated\">\n\t\t\t\t\t\t<div class=\"elementor-element elementor-element-db81054 elementor-position-top elementor-widget elementor-widget-image-box\" data-id=\"db81054\" data-element_type=\"widget\" data-e-type=\"widget\" data-widget_type=\"image-box.default\">\n\t\t\t\t<div class=\"elementor-widget-container\">\n\t\t\t\t\t<div class=\"elementor-image-box-wrapper\"><figure class=\"elementor-image-box-img\"><a href=\"\/es\/proyecciones-de-inversion\/\" tabindex=\"-1\"><img fetchpriority=\"high\" decoding=\"async\" width=\"500\" height=\"500\" src=\"https:\/\/chandlerorchards.com\/wp-content\/uploads\/2022\/06\/Profit-1-1.png\" class=\"elementor-animation-grow attachment-full size-full wp-image-3397\" alt=\"\" \/><\/a><\/figure><div class=\"elementor-image-box-content\"><h5 class=\"elementor-image-box-title\"><a href=\"\/es\/proyecciones-de-inversion\/\">Proyecciones &amp; Ganancias<\/a><\/h5><p class=\"elementor-image-box-description\">Proporcionamos modelos financieros detallados, que incluyen proyecciones de los ingresos de los inversores, el flujo de efectivo, las ganancias, el retorno de la inversi\u00f3n y m\u00e1s. Conoc\u00e9 c\u00f3mo la combinaci\u00f3n de precios y rendimientos de la nuez determina las ganancias anuales de los inversores.<\/p><\/div><\/div>\t\t\t\t<\/div>\n\t\t\t\t<\/div>\n\t\t\t\t\t<\/div>\n\t\t<\/div>\n\t\t\t\t<div class=\"elementor-column elementor-col-33 elementor-top-column elementor-element elementor-element-61f8698\" data-id=\"61f8698\" data-element_type=\"column\" data-e-type=\"column\">\n\t\t\t<div class=\"elementor-widget-wrap elementor-element-populated\">\n\t\t\t\t\t\t<div class=\"elementor-element elementor-element-e6f61c4 elementor-position-top elementor-widget elementor-widget-image-box\" data-id=\"e6f61c4\" data-element_type=\"widget\" data-e-type=\"widget\" data-widget_type=\"image-box.default\">\n\t\t\t\t<div class=\"elementor-widget-container\">\n\t\t\t\t\t<div class=\"elementor-image-box-wrapper\"><figure class=\"elementor-image-box-img\"><a href=\"\/es\/sobre-la-plantacion\/\" tabindex=\"-1\"><img decoding=\"async\" src=\"https:\/\/chandlerorchards.com\/wp-content\/uploads\/trees-1.svg\" class=\"elementor-animation-grow attachment-full size-full wp-image-2776\" alt=\"\" \/><\/a><\/figure><div class=\"elementor-image-box-content\"><h5 class=\"elementor-image-box-title\"><a href=\"\/es\/sobre-la-plantacion\/\">Sobre la Plantaci\u00f3n<\/a><\/h5><p class=\"elementor-image-box-description\">Conoc\u00e9 la historia de nuestra plantaci\u00f3n y obten\u00e9 detalles t\u00e9cnicos detallados, incluido nuestro estudio del clima, el estudio hidrogeol\u00f3gico y el an\u00e1lisis del suelo.<\/p><\/div><\/div>\t\t\t\t<\/div>\n\t\t\t\t<\/div>\n\t\t\t\t\t<\/div>\n\t\t<\/div>\n\t\t\t\t\t<\/div>\n\t\t<\/section>\n\t\t\t\t<\/div>\n\t\t","protected":false},"excerpt":{"rendered":"<p>Gracias por tomar el primer paso en ser parte de nuestro ambicioso proyecto como inversor. Te contactaremos a la hora agendada Nos comunicaremos con vos a la hora agendada para brindarte informaci\u00f3n adicional y resolver cualquier duda que puedas tener. Mientras tanto, recomendamos las siguientes p\u00e1ginas de nuestro sitio para obtener m\u00e1s informaci\u00f3n sobre las [&hellip;]<\/p>\n","protected":false},"author":1,"featured_media":0,"parent":0,"menu_order":0,"comment_status":"closed","ping_status":"closed","template":"","meta":{"site-sidebar-layout":"no-sidebar","site-content-layout":"page-builder","ast-site-content-layout":"default","site-content-style":"default","site-sidebar-style":"default","ast-global-header-display":"","ast-banner-title-visibility":"","ast-main-header-display":"","ast-hfb-above-header-display":"","ast-hfb-below-header-display":"","ast-hfb-mobile-header-display":"","site-post-title":"disabled","ast-breadcrumbs-content":"","ast-featured-img":"disabled","footer-sml-layout":"","ast-disable-related-posts":"","theme-transparent-header-meta":"default","adv-header-id-meta":"","stick-header-meta":"default","header-above-stick-meta":"","header-main-stick-meta":"","header-below-stick-meta":"","astra-migrate-meta-layouts":"default","ast-page-background-enabled":"default","ast-page-background-meta":{"desktop":{"background-color":"","background-image":"","background-repeat":"repeat","background-position":"center center","background-size":"auto","background-attachment":"scroll","background-type":"","background-media":"","overlay-type":"","overlay-color":"","overlay-opacity":"","overlay-gradient":""},"tablet":{"background-color":"","background-image":"","background-repeat":"repeat","background-position":"center center","background-size":"auto","background-attachment":"scroll","background-type":"","background-media":"","overlay-type":"","overlay-color":"","overlay-opacity":"","overlay-gradient":""},"mobile":{"background-color":"","background-image":"","background-repeat":"repeat","background-position":"center center","background-size":"auto","background-attachment":"scroll","background-type":"","background-media":"","overlay-type":"","overlay-color":"","overlay-opacity":"","overlay-gradient":""}},"ast-content-background-meta":{"desktop":{"background-color":"var(--ast-global-color-5)","background-image":"","background-repeat":"repeat","background-position":"center center","background-size":"auto","background-attachment":"scroll","background-type":"","background-media":"","overlay-type":"","overlay-color":"","overlay-opacity":"","overlay-gradient":""},"tablet":{"background-color":"var(--ast-global-color-5)","background-image":"","background-repeat":"repeat","background-position":"center center","background-size":"auto","background-attachment":"scroll","background-type":"","background-media":"","overlay-type":"","overlay-color":"","overlay-opacity":"","overlay-gradient":""},"mobile":{"background-color":"var(--ast-global-color-5)","background-image":"","background-repeat":"repeat","background-position":"center center","background-size":"auto","background-attachment":"scroll","background-type":"","background-media":"","overlay-type":"","overlay-color":"","overlay-opacity":"","overlay-gradient":""}},"footnotes":""},"categories":[],"tags":[],"class_list":["post-5807","page","type-page","status-publish","hentry"],"yoast_head":"<!-- This site is optimized with the Yoast SEO plugin v27.5 - https:\/\/yoast.com\/product\/yoast-seo-wordpress\/ -->\n<title>\u00a1Gracias por tomar el primer paso! &#8226; Chandler Orchards<\/title>\n<meta name=\"description\" content=\"Nuestro equipo va a estar en contacto con vos en el horario agendado.\" \/>\n<meta name=\"robots\" content=\"index, follow, max-snippet:-1, max-image-preview:large, max-video-preview:-1\" \/>\n<link rel=\"canonical\" href=\"https:\/\/chandlerorchards.com\/es\/15min\/\" \/>\n<meta property=\"og:locale\" content=\"es_ES\" \/>\n<meta property=\"og:type\" content=\"article\" \/>\n<meta property=\"og:title\" content=\"\u00a1Gracias por tomar el primer paso! &#8226; Chandler Orchards\" \/>\n<meta property=\"og:description\" content=\"Nuestro equipo va a estar en contacto con vos en el horario agendado.\" \/>\n<meta property=\"og:url\" content=\"https:\/\/chandlerorchards.com\/es\/15min\/\" \/>\n<meta property=\"og:site_name\" content=\"Chandler Orchards\" \/>\n<meta property=\"article:publisher\" content=\"https:\/\/www.facebook.com\/chandlerorchards\/\" \/>\n<meta property=\"article:modified_time\" content=\"2019-01-26T13:17:37+00:00\" \/>\n<meta property=\"og:image\" content=\"https:\/\/chandlerorchards.com\/wp-content\/uploads\/growth-1.svg\" \/>\n<meta name=\"twitter:card\" content=\"summary_large_image\" \/>\n<meta name=\"twitter:label1\" content=\"Tiempo de lectura\" \/>\n\t<meta name=\"twitter:data1\" content=\"1 minuto\" \/>\n<script type=\"application\/ld+json\" class=\"yoast-schema-graph\">{\"@context\":\"https:\\\/\\\/schema.org\",\"@graph\":[{\"@type\":\"WebPage\",\"@id\":\"https:\\\/\\\/chandlerorchards.com\\\/es\\\/15min\\\/\",\"url\":\"https:\\\/\\\/chandlerorchards.com\\\/es\\\/15min\\\/\",\"name\":\"\u00a1Gracias por tomar el primer paso! &#8226; Chandler Orchards\",\"isPartOf\":{\"@id\":\"https:\\\/\\\/chandlerorchards.com\\\/#website\"},\"primaryImageOfPage\":{\"@id\":\"https:\\\/\\\/chandlerorchards.com\\\/es\\\/15min\\\/#primaryimage\"},\"image\":{\"@id\":\"https:\\\/\\\/chandlerorchards.com\\\/es\\\/15min\\\/#primaryimage\"},\"thumbnailUrl\":\"https:\\\/\\\/chandlerorchards.com\\\/wp-content\\\/uploads\\\/growth-1.svg\",\"datePublished\":\"2019-01-26T13:17:36+00:00\",\"dateModified\":\"2019-01-26T13:17:37+00:00\",\"description\":\"Nuestro equipo va a estar en contacto con vos en el horario agendado.\",\"breadcrumb\":{\"@id\":\"https:\\\/\\\/chandlerorchards.com\\\/es\\\/15min\\\/#breadcrumb\"},\"inLanguage\":\"es\",\"potentialAction\":[{\"@type\":\"ReadAction\",\"target\":[\"https:\\\/\\\/chandlerorchards.com\\\/es\\\/15min\\\/\"]}]},{\"@type\":\"ImageObject\",\"inLanguage\":\"es\",\"@id\":\"https:\\\/\\\/chandlerorchards.com\\\/es\\\/15min\\\/#primaryimage\",\"url\":\"https:\\\/\\\/chandlerorchards.com\\\/wp-content\\\/uploads\\\/growth-1.svg\",\"contentUrl\":\"https:\\\/\\\/chandlerorchards.com\\\/wp-content\\\/uploads\\\/growth-1.svg\"},{\"@type\":\"BreadcrumbList\",\"@id\":\"https:\\\/\\\/chandlerorchards.com\\\/es\\\/15min\\\/#breadcrumb\",\"itemListElement\":[{\"@type\":\"ListItem\",\"position\":1,\"name\":\"Home\",\"item\":\"https:\\\/\\\/chandlerorchards.com\\\/es\\\/inversion-en-nogales-en-mendoza-argentina\\\/\"},{\"@type\":\"ListItem\",\"position\":2,\"name\":\"\u00a1Gracias por tomar el primer paso!\"}]},{\"@type\":\"WebSite\",\"@id\":\"https:\\\/\\\/chandlerorchards.com\\\/#website\",\"url\":\"https:\\\/\\\/chandlerorchards.com\\\/\",\"name\":\"Chandler Orchards\",\"description\":\"\",\"publisher\":{\"@id\":\"https:\\\/\\\/chandlerorchards.com\\\/#organization\"},\"potentialAction\":[{\"@type\":\"SearchAction\",\"target\":{\"@type\":\"EntryPoint\",\"urlTemplate\":\"https:\\\/\\\/chandlerorchards.com\\\/?s={search_term_string}\"},\"query-input\":{\"@type\":\"PropertyValueSpecification\",\"valueRequired\":true,\"valueName\":\"search_term_string\"}}],\"inLanguage\":\"es\"},{\"@type\":\"Organization\",\"@id\":\"https:\\\/\\\/chandlerorchards.com\\\/#organization\",\"name\":\"Chandler Orchards\",\"url\":\"https:\\\/\\\/chandlerorchards.com\\\/\",\"logo\":{\"@type\":\"ImageObject\",\"inLanguage\":\"es\",\"@id\":\"https:\\\/\\\/chandlerorchards.com\\\/#\\\/schema\\\/logo\\\/image\\\/\",\"url\":\"https:\\\/\\\/chandlerorchards.com\\\/wp-content\\\/uploads\\\/2022\\\/06\\\/chandler_orchards_360px_logo-1.png\",\"contentUrl\":\"https:\\\/\\\/chandlerorchards.com\\\/wp-content\\\/uploads\\\/2022\\\/06\\\/chandler_orchards_360px_logo-1.png\",\"width\":360,\"height\":360,\"caption\":\"Chandler Orchards\"},\"image\":{\"@id\":\"https:\\\/\\\/chandlerorchards.com\\\/#\\\/schema\\\/logo\\\/image\\\/\"},\"sameAs\":[\"https:\\\/\\\/www.facebook.com\\\/chandlerorchards\\\/\",\"https:\\\/\\\/www.instagram.com\\\/chandlerorchards\\\/\",\"https:\\\/\\\/www.youtube.com\\\/channel\\\/UChc9UYe8FHa6NY9oMxZd6JQ\"]}]}<\/script>\n<!-- \/ Yoast SEO plugin. -->","yoast_head_json":{"title":"\u00a1Gracias por tomar el primer paso! &#8226; Chandler Orchards","description":"Nuestro equipo va a estar en contacto con vos en el horario agendado.","robots":{"index":"index","follow":"follow","max-snippet":"max-snippet:-1","max-image-preview":"max-image-preview:large","max-video-preview":"max-video-preview:-1"},"canonical":"https:\/\/chandlerorchards.com\/es\/15min\/","og_locale":"es_ES","og_type":"article","og_title":"\u00a1Gracias por tomar el primer paso! &#8226; Chandler Orchards","og_description":"Nuestro equipo va a estar en contacto con vos en el horario agendado.","og_url":"https:\/\/chandlerorchards.com\/es\/15min\/","og_site_name":"Chandler Orchards","article_publisher":"https:\/\/www.facebook.com\/chandlerorchards\/","article_modified_time":"2019-01-26T13:17:37+00:00","og_image":[{"url":"https:\/\/chandlerorchards.com\/wp-content\/uploads\/growth-1.svg","type":"","width":"","height":""}],"twitter_card":"summary_large_image","twitter_misc":{"Tiempo de lectura":"1 minuto"},"schema":{"@context":"https:\/\/schema.org","@graph":[{"@type":"WebPage","@id":"https:\/\/chandlerorchards.com\/es\/15min\/","url":"https:\/\/chandlerorchards.com\/es\/15min\/","name":"\u00a1Gracias por tomar el primer paso! &#8226; Chandler Orchards","isPartOf":{"@id":"https:\/\/chandlerorchards.com\/#website"},"primaryImageOfPage":{"@id":"https:\/\/chandlerorchards.com\/es\/15min\/#primaryimage"},"image":{"@id":"https:\/\/chandlerorchards.com\/es\/15min\/#primaryimage"},"thumbnailUrl":"https:\/\/chandlerorchards.com\/wp-content\/uploads\/growth-1.svg","datePublished":"2019-01-26T13:17:36+00:00","dateModified":"2019-01-26T13:17:37+00:00","description":"Nuestro equipo va a estar en contacto con vos en el horario agendado.","breadcrumb":{"@id":"https:\/\/chandlerorchards.com\/es\/15min\/#breadcrumb"},"inLanguage":"es","potentialAction":[{"@type":"ReadAction","target":["https:\/\/chandlerorchards.com\/es\/15min\/"]}]},{"@type":"ImageObject","inLanguage":"es","@id":"https:\/\/chandlerorchards.com\/es\/15min\/#primaryimage","url":"https:\/\/chandlerorchards.com\/wp-content\/uploads\/growth-1.svg","contentUrl":"https:\/\/chandlerorchards.com\/wp-content\/uploads\/growth-1.svg"},{"@type":"BreadcrumbList","@id":"https:\/\/chandlerorchards.com\/es\/15min\/#breadcrumb","itemListElement":[{"@type":"ListItem","position":1,"name":"Home","item":"https:\/\/chandlerorchards.com\/es\/inversion-en-nogales-en-mendoza-argentina\/"},{"@type":"ListItem","position":2,"name":"\u00a1Gracias por tomar el primer paso!"}]},{"@type":"WebSite","@id":"https:\/\/chandlerorchards.com\/#website","url":"https:\/\/chandlerorchards.com\/","name":"Chandler Orchards","description":"","publisher":{"@id":"https:\/\/chandlerorchards.com\/#organization"},"potentialAction":[{"@type":"SearchAction","target":{"@type":"EntryPoint","urlTemplate":"https:\/\/chandlerorchards.com\/?s={search_term_string}"},"query-input":{"@type":"PropertyValueSpecification","valueRequired":true,"valueName":"search_term_string"}}],"inLanguage":"es"},{"@type":"Organization","@id":"https:\/\/chandlerorchards.com\/#organization","name":"Chandler Orchards","url":"https:\/\/chandlerorchards.com\/","logo":{"@type":"ImageObject","inLanguage":"es","@id":"https:\/\/chandlerorchards.com\/#\/schema\/logo\/image\/","url":"https:\/\/chandlerorchards.com\/wp-content\/uploads\/2022\/06\/chandler_orchards_360px_logo-1.png","contentUrl":"https:\/\/chandlerorchards.com\/wp-content\/uploads\/2022\/06\/chandler_orchards_360px_logo-1.png","width":360,"height":360,"caption":"Chandler Orchards"},"image":{"@id":"https:\/\/chandlerorchards.com\/#\/schema\/logo\/image\/"},"sameAs":["https:\/\/www.facebook.com\/chandlerorchards\/","https:\/\/www.instagram.com\/chandlerorchards\/","https:\/\/www.youtube.com\/channel\/UChc9UYe8FHa6NY9oMxZd6JQ"]}]}},"_links":{"self":[{"href":"https:\/\/chandlerorchards.com\/es\/wp-json\/wp\/v2\/pages\/5807","targetHints":{"allow":["GET"]}}],"collection":[{"href":"https:\/\/chandlerorchards.com\/es\/wp-json\/wp\/v2\/pages"}],"about":[{"href":"https:\/\/chandlerorchards.com\/es\/wp-json\/wp\/v2\/types\/page"}],"author":[{"embeddable":true,"href":"https:\/\/chandlerorchards.com\/es\/wp-json\/wp\/v2\/users\/1"}],"replies":[{"embeddable":true,"href":"https:\/\/chandlerorchards.com\/es\/wp-json\/wp\/v2\/comments?post=5807"}],"version-history":[{"count":5,"href":"https:\/\/chandlerorchards.com\/es\/wp-json\/wp\/v2\/pages\/5807\/revisions"}],"predecessor-version":[{"id":5813,"href":"https:\/\/chandlerorchards.com\/es\/wp-json\/wp\/v2\/pages\/5807\/revisions\/5813"}],"wp:attachment":[{"href":"https:\/\/chandlerorchards.com\/es\/wp-json\/wp\/v2\/media?parent=5807"}],"wp:term":[{"taxonomy":"category","embeddable":true,"href":"https:\/\/chandlerorchards.com\/es\/wp-json\/wp\/v2\/categories?post=5807"},{"taxonomy":"post_tag","embeddable":true,"href":"https:\/\/chandlerorchards.com\/es\/wp-json\/wp\/v2\/tags?post=5807"}],"curies":[{"name":"wp","href":"https:\/\/api.w.org\/{rel}","templated":true}]}}