{"id":1338,"date":"2018-11-21T15:01:22","date_gmt":"2018-11-21T18:01:22","guid":{"rendered":"https:\/\/chandlerorchards.com\/?page_id=1338"},"modified":"2018-11-26T21:39:53","modified_gmt":"2018-11-27T00:39:53","slug":"variedades-de-nueces-en-produccion-comercial","status":"publish","type":"page","link":"https:\/\/chandlerorchards.com\/es\/variedades-de-nueces-en-produccion-comercial\/","title":{"rendered":"Variedades de nueces en producci\u00f3n comercial"},"content":{"rendered":"\t\t<div data-elementor-type=\"wp-post\" data-elementor-id=\"1338\" class=\"elementor elementor-1338 elementor-bc-flex-widget\" data-elementor-post-type=\"page\">\n\t\t\t\t\t\t<section class=\"elementor-section elementor-top-section elementor-element elementor-element-232017e elementor-section-boxed elementor-section-height-default elementor-section-height-default\" data-id=\"232017e\" data-element_type=\"section\" data-e-type=\"section\">\n\t\t\t\t\t\t<div class=\"elementor-container elementor-column-gap-default\">\n\t\t\t\t\t<div class=\"elementor-column elementor-col-100 elementor-top-column elementor-element elementor-element-f924d4a\" data-id=\"f924d4a\" data-element_type=\"column\" data-e-type=\"column\">\n\t\t\t<div class=\"elementor-widget-wrap elementor-element-populated\">\n\t\t\t\t\t\t<div class=\"elementor-element elementor-element-e82b843 elementor-widget elementor-widget-text-editor\" data-id=\"e82b843\" data-element_type=\"widget\" data-e-type=\"widget\" data-widget_type=\"text-editor.default\">\n\t\t\t\t<div class=\"elementor-widget-container\">\n\t\t\t\t\t\t\t\t\t<p><span style=\"font-weight: 400;\">Variedades de nueces en producci\u00f3n comercial<\/span><\/p>\n<p><span style=\"font-weight: 400;\">Las diferentes variedades de nueces en producci\u00f3n hoy en d\u00eda se conocen como \u00abcultivares\u00bb. Cada nuevo cultivar se crea a trav\u00e9s de un cruzamiento cuidadoso. Los cient\u00edficos investigadores y agr\u00f3nomos est\u00e1n constantemente creando cruces nuevos, pero raramente se obtiene un resultado cruzado en un nuevo cultivar comercialmente viable.<\/span><\/p>\n<h1><span style=\"font-weight: 400;\">C\u00f3mo evaluar las variedades de nueces<\/span><\/h1>\n<p>&nbsp;<\/p>\n<p><span style=\"font-weight: 400;\">Los productores de nueces eval\u00faan las siguientes caracter\u00edsticas en cada cultivar, eligiendo plantar una variedad u otra dependiendo de la mezcla que consideren m\u00e1s conveniente para su plantaci\u00f3n:<\/span><\/p>\n<p>&nbsp;<\/p>\n<ul>\n<li style=\"font-weight: 400;\"><span style=\"font-weight: 400;\">Crecimiento del \u00e1rbol: se prefiere el crecimiento vigoroso del \u00e1rbol.<\/span><\/li>\n<li style=\"font-weight: 400;\"><span style=\"font-weight: 400;\">Tendencia de rodamientos: los cultivares de rodamientos laterales son preferibles a las variedades de rodamientos terminales debido a rendimientos generalmente m\u00e1s altos. Los cultivares que llevan terminales tienen un per\u00edodo de gestaci\u00f3n m\u00e1s largo y son susceptibles a las heladas primaverales.<\/span><\/li>\n<li style=\"font-weight: 400;\"><span style=\"font-weight: 400;\">Rendimiento: los cultivares de alto rendimiento son preferibles a las variedades de menor rendimiento.<\/span><\/li>\n<li style=\"font-weight: 400;\"><span style=\"font-weight: 400;\">Fecha de cosecha: siempre se prefiere una cosecha temprana en lugar de una cosecha tard\u00eda, ya que los precios m\u00e1s altos se pagan al comienzo de la temporada.<\/span><\/li>\n<li style=\"font-weight: 400;\"><span style=\"font-weight: 400;\">Peso de la c\u00e1scara: se prefieren las c\u00e1scaras m\u00e1s grandes que las c\u00e1scaras m\u00e1s peque\u00f1as. Las nueces de gran calibre aportan una prima en el mercado.<\/span><\/li>\n<li style=\"font-weight: 400;\"><span style=\"font-weight: 400;\">Forma de concha: las conchas pueden ser ovaladas o redondas.<\/span><\/li>\n<li style=\"font-weight: 400;\"><span style=\"font-weight: 400;\">Resistencia de la c\u00e1scara: es deseable una buena resistencia de la c\u00e1scara, con un sello saludable que proteja el n\u00facleo.<\/span><\/li>\n<li style=\"font-weight: 400;\"><span style=\"font-weight: 400;\">Peso del grano &#8211; Los granos grandes son deseables. Tambi\u00e9n es deseable tener un alto peso del grano a la relaci\u00f3n de peso de la carcasa.<\/span><\/li>\n<li style=\"font-weight: 400;\"><span style=\"font-weight: 400;\">Remoci\u00f3n de Kernel &#8211; Los kernels f\u00e1ciles de remover son deseables. Las mitades perfectas de \u00abmariposa\u00bb de nogal se venden por encima de las piezas rotas.<\/span><\/li>\n<li style=\"font-weight: 400;\"><span style=\"font-weight: 400;\">Kernel Color &#8211; Los granos de color \u00e1mbar claro son deseables sobre los m\u00e1s oscuros.<\/span><\/li>\n<\/ul>\n<p>&nbsp;<\/p>\n<h2><span style=\"font-weight: 400;\">Lista de variedades de nueces<\/span><\/h2>\n<p>&nbsp;<\/p>\n<ul>\n<li style=\"font-weight: 400;\"><span style=\"font-weight: 400;\">Ashley<\/span><\/li>\n<li style=\"font-weight: 400;\"><span style=\"font-weight: 400;\">Chandler<\/span><\/li>\n<li style=\"font-weight: 400;\"><span style=\"font-weight: 400;\">Cisco<\/span><\/li>\n<li style=\"font-weight: 400;\"><span style=\"font-weight: 400;\">Eureka<\/span><\/li>\n<li style=\"font-weight: 400;\"><span style=\"font-weight: 400;\">Feradam<\/span><\/li>\n<li style=\"font-weight: 400;\"><span style=\"font-weight: 400;\">Ferbel<\/span><\/li>\n<li style=\"font-weight: 400;\"><span style=\"font-weight: 400;\">Ferjean<\/span><\/li>\n<li style=\"font-weight: 400;\"><span style=\"font-weight: 400;\">Fernette<\/span><\/li>\n<li style=\"font-weight: 400;\"><span style=\"font-weight: 400;\">Fernor<\/span><\/li>\n<li style=\"font-weight: 400;\"><span style=\"font-weight: 400;\">Ferouette<\/span><\/li>\n<li style=\"font-weight: 400;\"><span style=\"font-weight: 400;\">Forde<\/span><\/li>\n<li style=\"font-weight: 400;\"><span style=\"font-weight: 400;\">Franquette<\/span><\/li>\n<li style=\"font-weight: 400;\"><span style=\"font-weight: 400;\">Grandjean<\/span><\/li>\n<li style=\"font-weight: 400;\"><span style=\"font-weight: 400;\">Germisara<\/span><\/li>\n<li style=\"font-weight: 400;\"><span style=\"font-weight: 400;\">Gillet<\/span><\/li>\n<li style=\"font-weight: 400;\"><span style=\"font-weight: 400;\">Hansen<\/span><\/li>\n<li style=\"font-weight: 400;\"><span style=\"font-weight: 400;\">Hartley<\/span><\/li>\n<li style=\"font-weight: 400;\"><span style=\"font-weight: 400;\">Howard<\/span><\/li>\n<li style=\"font-weight: 400;\"><span style=\"font-weight: 400;\">Ivanhoe<\/span><\/li>\n<li style=\"font-weight: 400;\"><span style=\"font-weight: 400;\">Jupanesti<\/span><\/li>\n<li style=\"font-weight: 400;\"><span style=\"font-weight: 400;\">Lara<\/span><\/li>\n<li style=\"font-weight: 400;\"><span style=\"font-weight: 400;\">Marbot<\/span><\/li>\n<li style=\"font-weight: 400;\"><span style=\"font-weight: 400;\">Mayette<\/span><\/li>\n<li style=\"font-weight: 400;\"><span style=\"font-weight: 400;\">Meylanaise<\/span><\/li>\n<li style=\"font-weight: 400;\"><span style=\"font-weight: 400;\">Paradox<\/span><\/li>\n<li style=\"font-weight: 400;\"><span style=\"font-weight: 400;\">Parisienne<\/span><\/li>\n<li style=\"font-weight: 400;\"><span style=\"font-weight: 400;\">Payne<\/span><\/li>\n<li style=\"font-weight: 400;\"><span style=\"font-weight: 400;\">Poe <\/span><\/li>\n<li style=\"font-weight: 400;\"><span style=\"font-weight: 400;\">Robert Livermore <\/span><\/li>\n<li style=\"font-weight: 400;\"><span style=\"font-weight: 400;\">Rita<\/span><\/li>\n<li style=\"font-weight: 400;\"><span style=\"font-weight: 400;\">Ronde de Montignac<\/span><\/li>\n<li style=\"font-weight: 400;\"><span style=\"font-weight: 400;\">Royal<\/span><\/li>\n<li style=\"font-weight: 400;\"><span style=\"font-weight: 400;\">Serr<\/span><\/li>\n<li style=\"font-weight: 400;\"><span style=\"font-weight: 400;\">Sexton<\/span><\/li>\n<li style=\"font-weight: 400;\"><span style=\"font-weight: 400;\">Solano<\/span><\/li>\n<li style=\"font-weight: 400;\"><span style=\"font-weight: 400;\">Sunland<\/span><\/li>\n<li style=\"font-weight: 400;\"><span style=\"font-weight: 400;\">Tehama<\/span><\/li>\n<li style=\"font-weight: 400;\"><span style=\"font-weight: 400;\">Tulare<\/span><\/li>\n<li style=\"font-weight: 400;\"><span style=\"font-weight: 400;\">Valcor<\/span><\/li>\n<li style=\"font-weight: 400;\"><span style=\"font-weight: 400;\">Vina<\/span><\/li>\n<li style=\"font-weight: 400;\"><span style=\"font-weight: 400;\">Wilson&#8217;s Wonder<\/span><\/li>\n<li style=\"font-weight: 400;\"><span style=\"font-weight: 400;\">Yolo<\/span><\/li>\n<\/ul>\n<p>&nbsp;<\/p>\n<p><span style=\"font-weight: 400;\">En Chandler Orchards, plantamos la incre\u00edble nuez de Chandler. En nuestra opini\u00f3n, tiene la combinaci\u00f3n perfecta de caracter\u00edsticas: rodamiento lateral, excelente color, menos problemas de plagas y eliminaci\u00f3n f\u00e1cil del grano en mitades perfectas. No somos los \u00fanicos que creemos que s\u00ed. Los productores de todo el mundo han convertido la nuez de Chandler en la nuez m\u00e1s plantada del mundo.<\/span><\/p>\n<p>&nbsp;<\/p>\n<p><span style=\"font-weight: 400;\">\u00bfHay alg\u00fan inconveniente? S\u00ed, la variedad Chandler tiene una de las cosechas m\u00e1s recientes, casi 3 semanas despu\u00e9s de Payne\/Ashley (la cosecha m\u00e1s temprana de las variedades de nueces). Sin embargo, leer\u00e1s en nuestra comparaci\u00f3n del crecimiento del hemisferio norte versus el hemisferio sur que este es solo un problema para los productores del norte y no afecta a los productores en el hemisferio sur.<\/span><\/p>\n\t\t\t\t\t\t\t\t<\/div>\n\t\t\t\t<\/div>\n\t\t\t\t\t<\/div>\n\t\t<\/div>\n\t\t\t\t\t<\/div>\n\t\t<\/section>\n\t\t\t\t<\/div>\n\t\t","protected":false},"excerpt":{"rendered":"<p>Variedades de nueces en producci\u00f3n comercial Las diferentes variedades de nueces en producci\u00f3n hoy en d\u00eda se conocen como \u00abcultivares\u00bb. Cada nuevo cultivar se crea a trav\u00e9s de un cruzamiento cuidadoso. Los cient\u00edficos investigadores y agr\u00f3nomos est\u00e1n constantemente creando cruces nuevos, pero raramente se obtiene un resultado cruzado en un nuevo cultivar comercialmente viable. C\u00f3mo [&hellip;]<\/p>\n","protected":false},"author":1,"featured_media":0,"parent":0,"menu_order":0,"comment_status":"closed","ping_status":"closed","template":"","meta":{"site-sidebar-layout":"no-sidebar","site-content-layout":"page-builder","ast-site-content-layout":"default","site-content-style":"default","site-sidebar-style":"default","ast-global-header-display":"","ast-banner-title-visibility":"","ast-main-header-display":"","ast-hfb-above-header-display":"","ast-hfb-below-header-display":"","ast-hfb-mobile-header-display":"","site-post-title":"disabled","ast-breadcrumbs-content":"","ast-featured-img":"disabled","footer-sml-layout":"","ast-disable-related-posts":"","theme-transparent-header-meta":"default","adv-header-id-meta":"","stick-header-meta":"default","header-above-stick-meta":"","header-main-stick-meta":"","header-below-stick-meta":"","astra-migrate-meta-layouts":"default","ast-page-background-enabled":"default","ast-page-background-meta":{"desktop":{"background-color":"","background-image":"","background-repeat":"repeat","background-position":"center center","background-size":"auto","background-attachment":"scroll","background-type":"","background-media":"","overlay-type":"","overlay-color":"","overlay-opacity":"","overlay-gradient":""},"tablet":{"background-color":"","background-image":"","background-repeat":"repeat","background-position":"center center","background-size":"auto","background-attachment":"scroll","background-type":"","background-media":"","overlay-type":"","overlay-color":"","overlay-opacity":"","overlay-gradient":""},"mobile":{"background-color":"","background-image":"","background-repeat":"repeat","background-position":"center center","background-size":"auto","background-attachment":"scroll","background-type":"","background-media":"","overlay-type":"","overlay-color":"","overlay-opacity":"","overlay-gradient":""}},"ast-content-background-meta":{"desktop":{"background-color":"var(--ast-global-color-5)","background-image":"","background-repeat":"repeat","background-position":"center center","background-size":"auto","background-attachment":"scroll","background-type":"","background-media":"","overlay-type":"","overlay-color":"","overlay-opacity":"","overlay-gradient":""},"tablet":{"background-color":"var(--ast-global-color-5)","background-image":"","background-repeat":"repeat","background-position":"center center","background-size":"auto","background-attachment":"scroll","background-type":"","background-media":"","overlay-type":"","overlay-color":"","overlay-opacity":"","overlay-gradient":""},"mobile":{"background-color":"var(--ast-global-color-5)","background-image":"","background-repeat":"repeat","background-position":"center center","background-size":"auto","background-attachment":"scroll","background-type":"","background-media":"","overlay-type":"","overlay-color":"","overlay-opacity":"","overlay-gradient":""}},"footnotes":""},"categories":[],"tags":[],"class_list":["post-1338","page","type-page","status-publish","hentry"],"yoast_head":"<!-- This site is optimized with the Yoast SEO plugin v27.5 - https:\/\/yoast.com\/product\/yoast-seo-wordpress\/ -->\n<title>Variedades de nueces en producci\u00f3n comercial &#8226; Chandler Orchards<\/title>\n<meta name=\"description\" content=\"Las diferentes variedades de nueces en producci\u00f3n hoy en d\u00eda se conocen como &quot;cultivares&quot;. Cada nuevo cultivar se crea a trav\u00e9s de un cruzamiento cuidadoso.\" \/>\n<meta name=\"robots\" content=\"index, follow, max-snippet:-1, max-image-preview:large, max-video-preview:-1\" \/>\n<link rel=\"canonical\" href=\"https:\/\/chandlerorchards.com\/es\/variedades-de-nueces-en-produccion-comercial\/\" \/>\n<meta property=\"og:locale\" content=\"es_ES\" \/>\n<meta property=\"og:type\" content=\"article\" \/>\n<meta property=\"og:title\" content=\"Variedades de nueces en producci\u00f3n comercial &#8226; Chandler Orchards\" \/>\n<meta property=\"og:description\" content=\"Las diferentes variedades de nueces en producci\u00f3n hoy en d\u00eda se conocen como &quot;cultivares&quot;. Cada nuevo cultivar se crea a trav\u00e9s de un cruzamiento cuidadoso.\" \/>\n<meta property=\"og:url\" content=\"https:\/\/chandlerorchards.com\/es\/variedades-de-nueces-en-produccion-comercial\/\" \/>\n<meta property=\"og:site_name\" content=\"Chandler Orchards\" \/>\n<meta property=\"article:publisher\" content=\"https:\/\/www.facebook.com\/chandlerorchards\/\" \/>\n<meta property=\"article:modified_time\" content=\"2018-11-27T00:39:53+00:00\" \/>\n<meta property=\"og:image\" content=\"https:\/\/chandlerorchards.com\/wp-content\/uploads\/2022\/06\/walnut-horizon.jpg\" \/>\n\t<meta property=\"og:image:width\" content=\"2464\" \/>\n\t<meta property=\"og:image:height\" content=\"1632\" \/>\n\t<meta property=\"og:image:type\" content=\"image\/jpeg\" \/>\n<meta name=\"twitter:card\" content=\"summary_large_image\" \/>\n<meta name=\"twitter:label1\" content=\"Tiempo de lectura\" \/>\n\t<meta name=\"twitter:data1\" content=\"3 minutos\" \/>\n<script type=\"application\/ld+json\" class=\"yoast-schema-graph\">{\"@context\":\"https:\\\/\\\/schema.org\",\"@graph\":[{\"@type\":\"WebPage\",\"@id\":\"https:\\\/\\\/chandlerorchards.com\\\/es\\\/variedades-de-nueces-en-produccion-comercial\\\/\",\"url\":\"https:\\\/\\\/chandlerorchards.com\\\/es\\\/variedades-de-nueces-en-produccion-comercial\\\/\",\"name\":\"Variedades de nueces en producci\u00f3n comercial &#8226; Chandler Orchards\",\"isPartOf\":{\"@id\":\"https:\\\/\\\/chandlerorchards.com\\\/#website\"},\"datePublished\":\"2018-11-21T18:01:22+00:00\",\"dateModified\":\"2018-11-27T00:39:53+00:00\",\"description\":\"Las diferentes variedades de nueces en producci\u00f3n hoy en d\u00eda se conocen como \\\"cultivares\\\". Cada nuevo cultivar se crea a trav\u00e9s de un cruzamiento cuidadoso.\",\"breadcrumb\":{\"@id\":\"https:\\\/\\\/chandlerorchards.com\\\/es\\\/variedades-de-nueces-en-produccion-comercial\\\/#breadcrumb\"},\"inLanguage\":\"es\",\"potentialAction\":[{\"@type\":\"ReadAction\",\"target\":[\"https:\\\/\\\/chandlerorchards.com\\\/es\\\/variedades-de-nueces-en-produccion-comercial\\\/\"]}]},{\"@type\":\"BreadcrumbList\",\"@id\":\"https:\\\/\\\/chandlerorchards.com\\\/es\\\/variedades-de-nueces-en-produccion-comercial\\\/#breadcrumb\",\"itemListElement\":[{\"@type\":\"ListItem\",\"position\":1,\"name\":\"Home\",\"item\":\"https:\\\/\\\/chandlerorchards.com\\\/es\\\/inversion-en-nogales-en-mendoza-argentina\\\/\"},{\"@type\":\"ListItem\",\"position\":2,\"name\":\"Variedades de nueces en producci\u00f3n comercial\"}]},{\"@type\":\"WebSite\",\"@id\":\"https:\\\/\\\/chandlerorchards.com\\\/#website\",\"url\":\"https:\\\/\\\/chandlerorchards.com\\\/\",\"name\":\"Chandler Orchards\",\"description\":\"\",\"publisher\":{\"@id\":\"https:\\\/\\\/chandlerorchards.com\\\/#organization\"},\"potentialAction\":[{\"@type\":\"SearchAction\",\"target\":{\"@type\":\"EntryPoint\",\"urlTemplate\":\"https:\\\/\\\/chandlerorchards.com\\\/?s={search_term_string}\"},\"query-input\":{\"@type\":\"PropertyValueSpecification\",\"valueRequired\":true,\"valueName\":\"search_term_string\"}}],\"inLanguage\":\"es\"},{\"@type\":\"Organization\",\"@id\":\"https:\\\/\\\/chandlerorchards.com\\\/#organization\",\"name\":\"Chandler Orchards\",\"url\":\"https:\\\/\\\/chandlerorchards.com\\\/\",\"logo\":{\"@type\":\"ImageObject\",\"inLanguage\":\"es\",\"@id\":\"https:\\\/\\\/chandlerorchards.com\\\/#\\\/schema\\\/logo\\\/image\\\/\",\"url\":\"https:\\\/\\\/chandlerorchards.com\\\/wp-content\\\/uploads\\\/2022\\\/06\\\/chandler_orchards_360px_logo-1.png\",\"contentUrl\":\"https:\\\/\\\/chandlerorchards.com\\\/wp-content\\\/uploads\\\/2022\\\/06\\\/chandler_orchards_360px_logo-1.png\",\"width\":360,\"height\":360,\"caption\":\"Chandler Orchards\"},\"image\":{\"@id\":\"https:\\\/\\\/chandlerorchards.com\\\/#\\\/schema\\\/logo\\\/image\\\/\"},\"sameAs\":[\"https:\\\/\\\/www.facebook.com\\\/chandlerorchards\\\/\",\"https:\\\/\\\/www.instagram.com\\\/chandlerorchards\\\/\",\"https:\\\/\\\/www.youtube.com\\\/channel\\\/UChc9UYe8FHa6NY9oMxZd6JQ\"]}]}<\/script>\n<!-- \/ Yoast SEO plugin. -->","yoast_head_json":{"title":"Variedades de nueces en producci\u00f3n comercial &#8226; Chandler Orchards","description":"Las diferentes variedades de nueces en producci\u00f3n hoy en d\u00eda se conocen como \"cultivares\". Cada nuevo cultivar se crea a trav\u00e9s de un cruzamiento cuidadoso.","robots":{"index":"index","follow":"follow","max-snippet":"max-snippet:-1","max-image-preview":"max-image-preview:large","max-video-preview":"max-video-preview:-1"},"canonical":"https:\/\/chandlerorchards.com\/es\/variedades-de-nueces-en-produccion-comercial\/","og_locale":"es_ES","og_type":"article","og_title":"Variedades de nueces en producci\u00f3n comercial &#8226; Chandler Orchards","og_description":"Las diferentes variedades de nueces en producci\u00f3n hoy en d\u00eda se conocen como \"cultivares\". Cada nuevo cultivar se crea a trav\u00e9s de un cruzamiento cuidadoso.","og_url":"https:\/\/chandlerorchards.com\/es\/variedades-de-nueces-en-produccion-comercial\/","og_site_name":"Chandler Orchards","article_publisher":"https:\/\/www.facebook.com\/chandlerorchards\/","article_modified_time":"2018-11-27T00:39:53+00:00","og_image":[{"width":2464,"height":1632,"url":"https:\/\/chandlerorchards.com\/wp-content\/uploads\/2022\/06\/walnut-horizon.jpg","type":"image\/jpeg"}],"twitter_card":"summary_large_image","twitter_misc":{"Tiempo de lectura":"3 minutos"},"schema":{"@context":"https:\/\/schema.org","@graph":[{"@type":"WebPage","@id":"https:\/\/chandlerorchards.com\/es\/variedades-de-nueces-en-produccion-comercial\/","url":"https:\/\/chandlerorchards.com\/es\/variedades-de-nueces-en-produccion-comercial\/","name":"Variedades de nueces en producci\u00f3n comercial &#8226; Chandler Orchards","isPartOf":{"@id":"https:\/\/chandlerorchards.com\/#website"},"datePublished":"2018-11-21T18:01:22+00:00","dateModified":"2018-11-27T00:39:53+00:00","description":"Las diferentes variedades de nueces en producci\u00f3n hoy en d\u00eda se conocen como \"cultivares\". Cada nuevo cultivar se crea a trav\u00e9s de un cruzamiento cuidadoso.","breadcrumb":{"@id":"https:\/\/chandlerorchards.com\/es\/variedades-de-nueces-en-produccion-comercial\/#breadcrumb"},"inLanguage":"es","potentialAction":[{"@type":"ReadAction","target":["https:\/\/chandlerorchards.com\/es\/variedades-de-nueces-en-produccion-comercial\/"]}]},{"@type":"BreadcrumbList","@id":"https:\/\/chandlerorchards.com\/es\/variedades-de-nueces-en-produccion-comercial\/#breadcrumb","itemListElement":[{"@type":"ListItem","position":1,"name":"Home","item":"https:\/\/chandlerorchards.com\/es\/inversion-en-nogales-en-mendoza-argentina\/"},{"@type":"ListItem","position":2,"name":"Variedades de nueces en producci\u00f3n comercial"}]},{"@type":"WebSite","@id":"https:\/\/chandlerorchards.com\/#website","url":"https:\/\/chandlerorchards.com\/","name":"Chandler Orchards","description":"","publisher":{"@id":"https:\/\/chandlerorchards.com\/#organization"},"potentialAction":[{"@type":"SearchAction","target":{"@type":"EntryPoint","urlTemplate":"https:\/\/chandlerorchards.com\/?s={search_term_string}"},"query-input":{"@type":"PropertyValueSpecification","valueRequired":true,"valueName":"search_term_string"}}],"inLanguage":"es"},{"@type":"Organization","@id":"https:\/\/chandlerorchards.com\/#organization","name":"Chandler Orchards","url":"https:\/\/chandlerorchards.com\/","logo":{"@type":"ImageObject","inLanguage":"es","@id":"https:\/\/chandlerorchards.com\/#\/schema\/logo\/image\/","url":"https:\/\/chandlerorchards.com\/wp-content\/uploads\/2022\/06\/chandler_orchards_360px_logo-1.png","contentUrl":"https:\/\/chandlerorchards.com\/wp-content\/uploads\/2022\/06\/chandler_orchards_360px_logo-1.png","width":360,"height":360,"caption":"Chandler Orchards"},"image":{"@id":"https:\/\/chandlerorchards.com\/#\/schema\/logo\/image\/"},"sameAs":["https:\/\/www.facebook.com\/chandlerorchards\/","https:\/\/www.instagram.com\/chandlerorchards\/","https:\/\/www.youtube.com\/channel\/UChc9UYe8FHa6NY9oMxZd6JQ"]}]}},"_links":{"self":[{"href":"https:\/\/chandlerorchards.com\/es\/wp-json\/wp\/v2\/pages\/1338","targetHints":{"allow":["GET"]}}],"collection":[{"href":"https:\/\/chandlerorchards.com\/es\/wp-json\/wp\/v2\/pages"}],"about":[{"href":"https:\/\/chandlerorchards.com\/es\/wp-json\/wp\/v2\/types\/page"}],"author":[{"embeddable":true,"href":"https:\/\/chandlerorchards.com\/es\/wp-json\/wp\/v2\/users\/1"}],"replies":[{"embeddable":true,"href":"https:\/\/chandlerorchards.com\/es\/wp-json\/wp\/v2\/comments?post=1338"}],"version-history":[{"count":4,"href":"https:\/\/chandlerorchards.com\/es\/wp-json\/wp\/v2\/pages\/1338\/revisions"}],"predecessor-version":[{"id":4157,"href":"https:\/\/chandlerorchards.com\/es\/wp-json\/wp\/v2\/pages\/1338\/revisions\/4157"}],"wp:attachment":[{"href":"https:\/\/chandlerorchards.com\/es\/wp-json\/wp\/v2\/media?parent=1338"}],"wp:term":[{"taxonomy":"category","embeddable":true,"href":"https:\/\/chandlerorchards.com\/es\/wp-json\/wp\/v2\/categories?post=1338"},{"taxonomy":"post_tag","embeddable":true,"href":"https:\/\/chandlerorchards.com\/es\/wp-json\/wp\/v2\/tags?post=1338"}],"curies":[{"name":"wp","href":"https:\/\/api.w.org\/{rel}","templated":true}]}}